{"id":8584,"date":"2023-02-11T22:50:27","date_gmt":"2023-02-11T20:50:27","guid":{"rendered":"https:\/\/monbip.fr\/produit\/non%20class\u00e9\/kit-moteur-electromecanique-v2-stark6-24v\/"},"modified":"2025-04-17T19:51:25","modified_gmt":"2025-04-17T17:51:25","slug":"kit-moteur-electromecanique-v2-stark6-24v","status":"publish","type":"product","link":"https:\/\/monbip.fr\/de\/produkt\/motorisierungen\/kit-moteur-electromecanique-v2-stark6-24v\/","title":{"rendered":"Kit moteur \u00e9lectrom\u00e9canique V2 STARK6 24V"},"content":{"rendered":"<p>\u2022 Id\u00e9al pour usage intensif<br \/>\n\u2022 Version unique pour vantail droit ou gauche<br \/>\n\u2022 Bloc en ouverture et en fermeture<br \/>\n\u2022 Dispositifs d\u2019amortissement m\u00e9canique en fermeture<br \/>\n\u2022 R\u00e9glage de pouss\u00e9e et tir par des valves r\u00e9glables<\/p>\n<p>Le kit contient<\/p>\n<p>Moteur \u00e9lectrom\u00e9canique 24V pour vantaux jusqu&#8217;\u00e0 6m<br \/>\nArmoire de commande CITY2+<br \/>\nR\u00e9cepteur MR2 433MHz<br \/>\nEmetteur V2 PHOX 2 canaux 433 MHz (2 unit\u00e9s)<\/p>\n","protected":false},"excerpt":{"rendered":"<p>Kit V2 STARK6 moteur \u00e9lectrom\u00e9canique irr\u00e9versible au format 24V pour portails battants avec vantaux jusqu&#8217;\u00e0 6m. Con\u00e7u pour motoriser des portes r\u00e9sidentielles ou de petites collectivit\u00e9s \u00e0 usage semi-intensif.<\/p>\n<p>&nbsp;<\/p>\n","protected":false},"featured_media":8583,"template":"","meta":[],"product_brand":[],"product_cat":[222],"product_tag":[],"class_list":{"0":"post-8584","1":"product","2":"type-product","3":"status-publish","4":"has-post-thumbnail","6":"product_cat-motorisierungen","8":"first","9":"instock","10":"sale","11":"taxable","12":"shipping-taxable","13":"purchasable","14":"product-type-simple"},"_links":{"self":[{"href":"https:\/\/monbip.fr\/de\/wp-json\/wp\/v2\/product\/8584","targetHints":{"allow":["GET"]}}],"collection":[{"href":"https:\/\/monbip.fr\/de\/wp-json\/wp\/v2\/product"}],"about":[{"href":"https:\/\/monbip.fr\/de\/wp-json\/wp\/v2\/types\/product"}],"wp:featuredmedia":[{"embeddable":true,"href":"https:\/\/monbip.fr\/de\/wp-json\/wp\/v2\/media\/8583"}],"wp:attachment":[{"href":"https:\/\/monbip.fr\/de\/wp-json\/wp\/v2\/media?parent=8584"}],"wp:term":[{"taxonomy":"product_brand","embeddable":true,"href":"https:\/\/monbip.fr\/de\/wp-json\/wp\/v2\/product_brand?post=8584"},{"taxonomy":"product_cat","embeddable":true,"href":"https:\/\/monbip.fr\/de\/wp-json\/wp\/v2\/product_cat?post=8584"},{"taxonomy":"product_tag","embeddable":true,"href":"https:\/\/monbip.fr\/de\/wp-json\/wp\/v2\/product_tag?post=8584"}],"curies":[{"name":"wp","href":"https:\/\/api.w.org\/{rel}","templated":true}]}}