{"id":8588,"date":"2023-02-11T23:04:22","date_gmt":"2023-02-11T21:04:22","guid":{"rendered":"https:\/\/monbip.fr\/produit\/non%20class\u00e9\/moteur-battant-v2-ursus-230v-irreversible-4m\/"},"modified":"2025-04-17T19:46:31","modified_gmt":"2025-04-17T17:46:31","slug":"moteur-battant-v2-ursus-230v-irreversible-4m","status":"publish","type":"product","link":"https:\/\/monbip.fr\/de\/produkt\/motorisierungen\/drehtorantriebe\/moteur-battant-v2-ursus-230v-irreversible-4m\/","title":{"rendered":"Moteur battant V2 URSUS 230V irr\u00e9versible 4m"},"content":{"rendered":"<p>\u2022 Id\u00e9al pour usage intensif<br \/>\n\u2022 Version unique pour vantail droit ou gauche<br \/>\n\u2022 Bloc en ouverture et en fermeture<br \/>\n\u2022 Dispositifs d\u2019amortissement m\u00e9canique en fermeture<br \/>\n\u2022 R\u00e9glage de pouss\u00e9e et tir par des valves r\u00e9glables<\/p>\n<p>Moteur battant V2 URSUS 230V irr\u00e9versible vantaux jusqu\u2019\u00e0 4 m &#8211; amortissement en fermeture<\/p>\n","protected":false},"excerpt":{"rendered":"<p>V\u00e9rin hydraulique 230V pour portails battants avec vantaux jusqu\u2019\u00e0 4 m de long<\/p>\n<p>&nbsp;<\/p>\n","protected":false},"featured_media":8587,"template":"","meta":[],"product_brand":[],"product_cat":[224],"product_tag":[],"class_list":{"0":"post-8588","1":"product","2":"type-product","3":"status-publish","4":"has-post-thumbnail","6":"product_cat-drehtorantriebe","8":"first","9":"instock","10":"sale","11":"taxable","12":"shipping-taxable","13":"purchasable","14":"product-type-simple"},"_links":{"self":[{"href":"https:\/\/monbip.fr\/de\/wp-json\/wp\/v2\/product\/8588","targetHints":{"allow":["GET"]}}],"collection":[{"href":"https:\/\/monbip.fr\/de\/wp-json\/wp\/v2\/product"}],"about":[{"href":"https:\/\/monbip.fr\/de\/wp-json\/wp\/v2\/types\/product"}],"wp:featuredmedia":[{"embeddable":true,"href":"https:\/\/monbip.fr\/de\/wp-json\/wp\/v2\/media\/8587"}],"wp:attachment":[{"href":"https:\/\/monbip.fr\/de\/wp-json\/wp\/v2\/media?parent=8588"}],"wp:term":[{"taxonomy":"product_brand","embeddable":true,"href":"https:\/\/monbip.fr\/de\/wp-json\/wp\/v2\/product_brand?post=8588"},{"taxonomy":"product_cat","embeddable":true,"href":"https:\/\/monbip.fr\/de\/wp-json\/wp\/v2\/product_cat?post=8588"},{"taxonomy":"product_tag","embeddable":true,"href":"https:\/\/monbip.fr\/de\/wp-json\/wp\/v2\/product_tag?post=8588"}],"curies":[{"name":"wp","href":"https:\/\/api.w.org\/{rel}","templated":true}]}}