{"id":8590,"date":"2023-02-11T23:10:30","date_gmt":"2023-02-11T21:10:30","guid":{"rendered":"https:\/\/monbip.fr\/produit\/non%20class\u00e9\/moteur-battant-v2-ursus-230v-irreversible-6m\/"},"modified":"2025-04-17T19:42:30","modified_gmt":"2025-04-17T17:42:30","slug":"moteur-battant-v2-ursus-230v-irreversible-6m","status":"publish","type":"product","link":"https:\/\/monbip.fr\/de\/produkt\/motorisierungen\/drehtorantriebe\/moteur-battant-v2-ursus-230v-irreversible-6m\/","title":{"rendered":"Moteur battant V2 URSUS 230V irr\u00e9versible 6m"},"content":{"rendered":"<p><strong><a class=\"row-title\" href=\"https:\/\/monbip.fr\/wp-admin\/post.php?post=8589&amp;action=edit&amp;lang=fr\">Moteur battant V2 URSUS 230V irr\u00e9versible 6m<\/a><\/strong><\/p>\n<p>\u2022 Id\u00e9al pour usage intensif<br \/>\n\u2022 Version unique pour vantail droit ou gauche<br \/>\n\u2022 Bloc en ouverture et en fermeture<br \/>\n\u2022 Dispositifs d\u2019amortissement m\u00e9canique en fermeture<br \/>\n\u2022 R\u00e9glage de pouss\u00e9e et tir par des valves r\u00e9glables<\/p>\n","protected":false},"excerpt":{"rendered":"<p>Moteur hydraulique V2 URSUS 230V pour portes battantes \u00e0 usage intensif, vantaux jusqu&#8217;\u00e0 6 m\u00e8tres de long, destin\u00e9 \u00e0 motoriser les portails de garages collectifs.Amortissement en fermeture<\/p>\n<p>&nbsp;<\/p>\n","protected":false},"featured_media":8587,"template":"","meta":[],"product_brand":[],"product_cat":[224],"product_tag":[],"class_list":{"0":"post-8590","1":"product","2":"type-product","3":"status-publish","4":"has-post-thumbnail","6":"product_cat-drehtorantriebe","8":"first","9":"instock","10":"sale","11":"taxable","12":"shipping-taxable","13":"purchasable","14":"product-type-simple"},"_links":{"self":[{"href":"https:\/\/monbip.fr\/de\/wp-json\/wp\/v2\/product\/8590","targetHints":{"allow":["GET"]}}],"collection":[{"href":"https:\/\/monbip.fr\/de\/wp-json\/wp\/v2\/product"}],"about":[{"href":"https:\/\/monbip.fr\/de\/wp-json\/wp\/v2\/types\/product"}],"wp:featuredmedia":[{"embeddable":true,"href":"https:\/\/monbip.fr\/de\/wp-json\/wp\/v2\/media\/8587"}],"wp:attachment":[{"href":"https:\/\/monbip.fr\/de\/wp-json\/wp\/v2\/media?parent=8590"}],"wp:term":[{"taxonomy":"product_brand","embeddable":true,"href":"https:\/\/monbip.fr\/de\/wp-json\/wp\/v2\/product_brand?post=8590"},{"taxonomy":"product_cat","embeddable":true,"href":"https:\/\/monbip.fr\/de\/wp-json\/wp\/v2\/product_cat?post=8590"},{"taxonomy":"product_tag","embeddable":true,"href":"https:\/\/monbip.fr\/de\/wp-json\/wp\/v2\/product_tag?post=8590"}],"curies":[{"name":"wp","href":"https:\/\/api.w.org\/{rel}","templated":true}]}}