{"id":8600,"date":"2023-02-11T23:30:25","date_gmt":"2023-02-11T21:30:25","guid":{"rendered":"https:\/\/monbip.fr\/produit\/non%20class\u00e9\/moteur-garage-v2-atris-1000n\/"},"modified":"2023-09-17T20:11:11","modified_gmt":"2023-09-17T18:11:11","slug":"moteur-garage-v2-atris-1000n","status":"publish","type":"product","link":"https:\/\/monbip.fr\/de\/produkt\/motorisierungen\/motorisierung-von-garagentoren-de\/moteur-garage-v2-atris-1000n\/","title":{"rendered":"Moteur garage V2 ATRIS 1000N"},"content":{"rendered":"<p>\u2022 Fonctionnement pr\u00e9cis et en toute s\u00e9curit\u00e9 avec encodeur<br \/>\n\u2022 Signale sonore durant la fermeture automatique<br \/>\n\u2022 Panneau de contr\u00f4le dot\u00e9 de clavier et d\u2019affichage LCD<br \/>\n\u2022 Raccordements prot\u00e9g\u00e9s par un carter<br \/>\n\u2022 Fonctionnement \u00e0 \u00e9nergie solaire gr\u00e2ce au syst\u00e8me ECO-LOGIC<br \/>\n\u2022 Programmation par 4 touches et afficheur<br \/>\n\u2022 Menu rapide pour la programmation simple du dispositif<br \/>\n\u2022 Fonctionnement FAST qui permet d\u2019avoir une vitesse jusqu\u2019\u00e0 20 cm \/ s (version ATRIS-1000 uniquement)<br \/>\n\u2022 Connecteur rapide pour r\u00e9cepteur radio modulaire MR2<br \/>\n\u2022 Entr\u00e9e pour photocellules ou barres palpeuses<br \/>\n\u2022 Entr\u00e9e pour une touche de start externe<br \/>\n\u2022 Entr\u00e9e pour une touche de stop externe<br \/>\n\u2022 Sortie pour feu 24V avec intermittence<br \/>\n\u2022 Programmation en auto-apprentissage avec m\u00e9morisation des temps, des ralentissements et des forces tant en ouverture qu\u2019en fermeture<br \/>\n\u2022 Fonction de capteur d\u2019obstacles<\/p>\n","protected":false},"excerpt":{"rendered":"<p>Op\u00e9rateur \u00e9lectrom\u00e9canique irr\u00e9versible 24V pour portes sectionnelles et basculantes jusqu&#8217;\u00e0 15 m\u00b2. Force de d\u00e9marcation 1000 N (100 Kg) Disponible dans les deux versions 1000 N<\/p>\n<p>Veuillez demander votre devis par e-mail: info@monbip.fr ou par T\u00e9l\u00e9phone: 0755539288<\/p>\n","protected":false},"featured_media":9401,"template":"","meta":[],"product_brand":[],"product_cat":[226,222],"product_tag":[],"class_list":{"0":"post-8600","1":"product","2":"type-product","3":"status-publish","4":"has-post-thumbnail","6":"product_cat-motorisierung-von-garagentoren-de","7":"product_cat-motorisierungen","9":"first","10":"instock","11":"sale","12":"featured","13":"taxable","14":"shipping-taxable","15":"purchasable","16":"product-type-simple"},"_links":{"self":[{"href":"https:\/\/monbip.fr\/de\/wp-json\/wp\/v2\/product\/8600","targetHints":{"allow":["GET"]}}],"collection":[{"href":"https:\/\/monbip.fr\/de\/wp-json\/wp\/v2\/product"}],"about":[{"href":"https:\/\/monbip.fr\/de\/wp-json\/wp\/v2\/types\/product"}],"wp:featuredmedia":[{"embeddable":true,"href":"https:\/\/monbip.fr\/de\/wp-json\/wp\/v2\/media\/9401"}],"wp:attachment":[{"href":"https:\/\/monbip.fr\/de\/wp-json\/wp\/v2\/media?parent=8600"}],"wp:term":[{"taxonomy":"product_brand","embeddable":true,"href":"https:\/\/monbip.fr\/de\/wp-json\/wp\/v2\/product_brand?post=8600"},{"taxonomy":"product_cat","embeddable":true,"href":"https:\/\/monbip.fr\/de\/wp-json\/wp\/v2\/product_cat?post=8600"},{"taxonomy":"product_tag","embeddable":true,"href":"https:\/\/monbip.fr\/de\/wp-json\/wp\/v2\/product_tag?post=8600"}],"curies":[{"name":"wp","href":"https:\/\/api.w.org\/{rel}","templated":true}]}}