{"id":8604,"date":"2023-02-11T23:58:29","date_gmt":"2023-02-11T21:58:29","guid":{"rendered":"https:\/\/monbip.fr\/?post_type=product&#038;p=8604"},"modified":"2023-03-16T16:34:21","modified_gmt":"2023-03-16T14:34:21","slug":"module-v2-low-energy-pour-armoire-de-commande-evo","status":"publish","type":"product","link":"https:\/\/monbip.fr\/de\/produkt\/zubehoer-de\/module-v2-low-energy-pour-armoire-de-commande-evo\/","title":{"rendered":"Module V2 Low Energy pour armoire de commande EVO"},"content":{"rendered":"<p>\u2022 Le module optionnel LOW ENERGY permet de r\u00e9duire la consommation de courant \u00e9lectrique des armoires de commande EVO.<br \/>\n\u2022 Lorsque le portail est ferm\u00e9, le module LOW ENERGY d\u00e9sactive l\u2019affichage, les cellules de d\u00e9tection et tous les dispositifs aliment\u00e9s par bornier, ce qui permet une \u00e9conomie d\u2019\u00e9nergie importante.<br \/>\n\u2022 Consommation < 0,5 Wh\n\n<\/p>\n","protected":false},"excerpt":{"rendered":"<p>Module optionnel pour le fonctionnement \u00e0 basse consommation des armoires de commande de la famille V2 evo<\/p>\n<p>Veuillez demander votre devis par e-mail: info@monbip.fr ou par T\u00e9l\u00e9phone: 0755539288<\/p>\n","protected":false},"featured_media":8605,"template":"","meta":[],"product_brand":[],"product_cat":[205,200],"product_tag":[],"class_list":{"0":"post-8604","1":"product","2":"type-product","3":"status-publish","4":"has-post-thumbnail","6":"product_cat-accessoires","7":"product_cat-armoires-de-commande","9":"first","10":"instock","11":"taxable","12":"shipping-taxable","13":"product-type-simple"},"_links":{"self":[{"href":"https:\/\/monbip.fr\/de\/wp-json\/wp\/v2\/product\/8604","targetHints":{"allow":["GET"]}}],"collection":[{"href":"https:\/\/monbip.fr\/de\/wp-json\/wp\/v2\/product"}],"about":[{"href":"https:\/\/monbip.fr\/de\/wp-json\/wp\/v2\/types\/product"}],"wp:featuredmedia":[{"embeddable":true,"href":"https:\/\/monbip.fr\/de\/wp-json\/wp\/v2\/media\/8605"}],"wp:attachment":[{"href":"https:\/\/monbip.fr\/de\/wp-json\/wp\/v2\/media?parent=8604"}],"wp:term":[{"taxonomy":"product_brand","embeddable":true,"href":"https:\/\/monbip.fr\/de\/wp-json\/wp\/v2\/product_brand?post=8604"},{"taxonomy":"product_cat","embeddable":true,"href":"https:\/\/monbip.fr\/de\/wp-json\/wp\/v2\/product_cat?post=8604"},{"taxonomy":"product_tag","embeddable":true,"href":"https:\/\/monbip.fr\/de\/wp-json\/wp\/v2\/product_tag?post=8604"}],"curies":[{"name":"wp","href":"https:\/\/api.w.org\/{rel}","templated":true}]}}