{"id":8619,"date":"2022-01-18T19:10:17","date_gmt":"2022-01-18T17:10:17","guid":{"rendered":"https:\/\/monbip.fr\/produit\/non%20class\u00e9\/kit-moteur-coulissant-came-bxl-bxl04ags-24v\/"},"modified":"2025-12-02T08:17:10","modified_gmt":"2025-12-02T06:17:10","slug":"kit-moteur-coulissant-came-bxl-bxl04ags-24v","status":"publish","type":"product","link":"https:\/\/monbip.fr\/de\/produkt\/motorisierungen\/motorisierung-von-garagentoren-de\/kit-moteur-coulissant-came-bxl-bxl04ags-24v\/","title":{"rendered":"Kit Moteur coulissant CAME BXL BXL04AGS 24V"},"content":{"rendered":"<p>CARACT\u00c9RISTIQUES TECHNIQUES<\/p>\n<p>Alimentation : 230V &#8211; 50\/60Hz<br \/>\nAlimentation moteur : 24V<br \/>\nConsommation en veille : 5,5W<br \/>\nPuissance : 170W<br \/>\nCourant absorb\u00e9 maximum : 7A<br \/>\nCouleur : RAL 7024<br \/>\nTemp\u00e9rature de fonctionnement : -20 \u00f7 +55 \u00baC<br \/>\nPouss\u00e9e : 350N<br \/>\nVitesse de man\u0153uvre maximale : 12 m\/min<br \/>\nTemps de travail : 180s<br \/>\nIntermittent\/travail\u00a0: intensif<br \/>\nDegr\u00e9 de protection : IP44<\/p>\n","protected":false},"excerpt":{"rendered":"<p>CAME BXL04AGS Kit moteur 24V pour portails coulissants jusqu&#8217;\u00e0 400 kg et 10m de long con\u00e7u pour les portails \u00e0 usage r\u00e9sidentiel.<\/p>\n","protected":false},"featured_media":8617,"template":"","meta":[],"product_brand":[],"product_cat":[226,222,220],"product_tag":[265],"class_list":{"0":"post-8619","1":"product","2":"type-product","3":"status-publish","4":"has-post-thumbnail","6":"product_cat-motorisierung-von-garagentoren-de","7":"product_cat-motorisierungen","8":"product_cat-tor-oder-garagenmotor-kit-de","9":"product_tag-came-de","11":"first","12":"instock","13":"sale","14":"featured","15":"taxable","16":"shipping-taxable","17":"purchasable","18":"product-type-simple"},"_links":{"self":[{"href":"https:\/\/monbip.fr\/de\/wp-json\/wp\/v2\/product\/8619","targetHints":{"allow":["GET"]}}],"collection":[{"href":"https:\/\/monbip.fr\/de\/wp-json\/wp\/v2\/product"}],"about":[{"href":"https:\/\/monbip.fr\/de\/wp-json\/wp\/v2\/types\/product"}],"wp:featuredmedia":[{"embeddable":true,"href":"https:\/\/monbip.fr\/de\/wp-json\/wp\/v2\/media\/8617"}],"wp:attachment":[{"href":"https:\/\/monbip.fr\/de\/wp-json\/wp\/v2\/media?parent=8619"}],"wp:term":[{"taxonomy":"product_brand","embeddable":true,"href":"https:\/\/monbip.fr\/de\/wp-json\/wp\/v2\/product_brand?post=8619"},{"taxonomy":"product_cat","embeddable":true,"href":"https:\/\/monbip.fr\/de\/wp-json\/wp\/v2\/product_cat?post=8619"},{"taxonomy":"product_tag","embeddable":true,"href":"https:\/\/monbip.fr\/de\/wp-json\/wp\/v2\/product_tag?post=8619"}],"curies":[{"name":"wp","href":"https:\/\/api.w.org\/{rel}","templated":true}]}}