{"id":8627,"date":"2023-02-12T00:56:41","date_gmt":"2023-02-11T22:56:41","guid":{"rendered":"https:\/\/monbip.fr\/produit\/non%20class\u00e9\/kit-moteur-coulissant-came-bxv10ags-24v\/"},"modified":"2024-08-25T23:19:29","modified_gmt":"2024-08-25T21:19:29","slug":"kit-moteur-coulissant-came-bxv10ags-24v","status":"publish","type":"product","link":"https:\/\/monbip.fr\/de\/produkt\/motorisierungen\/motorisierung-von-garagentoren-de\/kit-moteur-coulissant-came-bxv10ags-24v\/","title":{"rendered":"Kit Moteur coulissant CAME BXV10AGS 24V"},"content":{"rendered":"<p>CARACT\u00c9RISTIQUES TECHNIQUES<\/p>\n<p>Alimentation : 230V &#8211; 50\/60Hz<br \/>\nAlimentation moteur : 24V<br \/>\nConsommation en veille : 5,5W<br \/>\nPuissance : 400W<br \/>\nCourant absorb\u00e9 maximum : 16A<br \/>\nCouleur : RAL 7024<br \/>\nTemp\u00e9rature de fonctionnement : -20 \u00f7 +55 \u00baC<br \/>\nPouss\u00e9e : 1000N<br \/>\nVitesse de man\u0153uvre maximale : 11m\/min<br \/>\nTemps de travail : 180s<br \/>\nIntermittent\/travail\u00a0: intensif<br \/>\nDegr\u00e9 de protection : IP44<\/p>\n","protected":false},"excerpt":{"rendered":"<p>Kit moteur CAME BXV10AGS &#8211; Automatisme avec moteur 24 V, comprend carte \u00e9lectronique avec afficheur, d\u00e9codage radio int\u00e9gr\u00e9, gestion des mouvements et d\u00e9tection d&#8217;obstacles pour portails coulissants jusqu&#8217;\u00e0 1000 kg et 20 m de longueur.<\/p>\n","protected":false},"featured_media":8622,"template":"","meta":[],"product_brand":[],"product_cat":[226,220],"product_tag":[],"class_list":{"0":"post-8627","1":"product","2":"type-product","3":"status-publish","4":"has-post-thumbnail","6":"product_cat-motorisierung-von-garagentoren-de","7":"product_cat-tor-oder-garagenmotor-kit-de","9":"first","10":"instock","11":"sale","12":"taxable","13":"shipping-taxable","14":"purchasable","15":"product-type-simple"},"_links":{"self":[{"href":"https:\/\/monbip.fr\/de\/wp-json\/wp\/v2\/product\/8627","targetHints":{"allow":["GET"]}}],"collection":[{"href":"https:\/\/monbip.fr\/de\/wp-json\/wp\/v2\/product"}],"about":[{"href":"https:\/\/monbip.fr\/de\/wp-json\/wp\/v2\/types\/product"}],"wp:featuredmedia":[{"embeddable":true,"href":"https:\/\/monbip.fr\/de\/wp-json\/wp\/v2\/media\/8622"}],"wp:attachment":[{"href":"https:\/\/monbip.fr\/de\/wp-json\/wp\/v2\/media?parent=8627"}],"wp:term":[{"taxonomy":"product_brand","embeddable":true,"href":"https:\/\/monbip.fr\/de\/wp-json\/wp\/v2\/product_brand?post=8627"},{"taxonomy":"product_cat","embeddable":true,"href":"https:\/\/monbip.fr\/de\/wp-json\/wp\/v2\/product_cat?post=8627"},{"taxonomy":"product_tag","embeddable":true,"href":"https:\/\/monbip.fr\/de\/wp-json\/wp\/v2\/product_tag?post=8627"}],"curies":[{"name":"wp","href":"https:\/\/api.w.org\/{rel}","templated":true}]}}