{"id":8643,"date":"2023-02-13T19:33:42","date_gmt":"2023-02-13T17:33:42","guid":{"rendered":"https:\/\/monbip.fr\/?post_type=product&#038;p=8643"},"modified":"2023-03-12T21:11:05","modified_gmt":"2023-03-12T19:11:05","slug":"armoire-de-commande-telcoma-t124-t124f","status":"publish","type":"product","link":"https:\/\/monbip.fr\/de\/produkt\/schaltschraenke-de\/armoire-de-commande-telcoma-t124-t124f\/","title":{"rendered":"Armoire de Commande Telcoma T124 &#8211; T124F"},"content":{"rendered":"<p>Bouton pas \u00e0 pas.<br \/>\nR\u00e9gulation anti-\u00e9crasement par encodeur.<br \/>\nR\u00e9gulation de la sensibilit\u00e9 de l&#8217;encodeur.<br \/>\nD\u00e9c\u00e9l\u00e9ration\/arr\u00eat progressif du moteur.<br \/>\nPossibilit\u00e9 de fermeture automatique.<br \/>\nDouble sortie photocellule\/phototest.<br \/>\nVoyant porte ouverte.<br \/>\nR\u00e9gulateur de force \u00e9lectronique.<br \/>\nLampe de pr\u00e9-avertissement.<br \/>\nfonction pi\u00e9tonne.<br \/>\nFin de course magn\u00e9tique.<br \/>\nCommunaut\u00e9s de fonctions.<br \/>\nLampe de pr\u00e9-avertissement \/ lumi\u00e8re de courtoisie.<\/p>\n","protected":false},"excerpt":{"rendered":"<p>Centrale 24V pour moteur coulissant ACE 300, STAR, RAP, SNAP ou TEN.<\/p>\n","protected":false},"featured_media":8641,"template":"","meta":[],"product_brand":[],"product_cat":[200],"product_tag":[],"class_list":{"0":"post-8643","1":"product","2":"type-product","3":"status-publish","4":"has-post-thumbnail","6":"product_cat-armoires-de-commande","8":"first","9":"instock","10":"sale","11":"featured","12":"taxable","13":"shipping-taxable","14":"purchasable","15":"product-type-simple"},"_links":{"self":[{"href":"https:\/\/monbip.fr\/de\/wp-json\/wp\/v2\/product\/8643","targetHints":{"allow":["GET"]}}],"collection":[{"href":"https:\/\/monbip.fr\/de\/wp-json\/wp\/v2\/product"}],"about":[{"href":"https:\/\/monbip.fr\/de\/wp-json\/wp\/v2\/types\/product"}],"wp:featuredmedia":[{"embeddable":true,"href":"https:\/\/monbip.fr\/de\/wp-json\/wp\/v2\/media\/8641"}],"wp:attachment":[{"href":"https:\/\/monbip.fr\/de\/wp-json\/wp\/v2\/media?parent=8643"}],"wp:term":[{"taxonomy":"product_brand","embeddable":true,"href":"https:\/\/monbip.fr\/de\/wp-json\/wp\/v2\/product_brand?post=8643"},{"taxonomy":"product_cat","embeddable":true,"href":"https:\/\/monbip.fr\/de\/wp-json\/wp\/v2\/product_cat?post=8643"},{"taxonomy":"product_tag","embeddable":true,"href":"https:\/\/monbip.fr\/de\/wp-json\/wp\/v2\/product_tag?post=8643"}],"curies":[{"name":"wp","href":"https:\/\/api.w.org\/{rel}","templated":true}]}}