{"id":8650,"date":"2023-02-13T20:09:46","date_gmt":"2023-02-13T18:09:46","guid":{"rendered":"https:\/\/monbip.fr\/?post_type=product&#038;p=8650"},"modified":"2023-02-13T20:09:46","modified_gmt":"2023-02-13T18:09:46","slug":"armoire-de-commande-cardin-prg383tce","status":"publish","type":"product","link":"https:\/\/monbip.fr\/de\/produkt\/schaltschraenke-de\/armoire-de-commande-cardin-prg383tce\/","title":{"rendered":"Armoire de commande CARDIN PRG383TCE"},"content":{"rendered":"<p>&#8211; Alimentation 370 W monophas\u00e9 230 Vac,<br \/>\n&#8211; Alimentation triphas\u00e9e 700 W 400 V3~.<br \/>\nFonctionnement automatique, semi-automatique et homme mort.<br \/>\nEntr\u00e9es de commande TA, TB, TC, TD, TAL.<br \/>\nDispositif de verrouillage int\u00e9gr\u00e9 du couvercle\/de la porte ext\u00e9rieure.<br \/>\nBoutons de commande externes sur le couvercle\/porte externe.<br \/>\nArr\u00eat de s\u00e9curit\u00e9 sur le couvercle\/la porte ext\u00e9rieure<br \/>\nSortie pour frein \u00e9lectrique.<br \/>\nConnexion pour r\u00e9cepteur standard.<br \/>\nCompatible avec toute la gamme de t\u00e9l\u00e9commandes \u00e0 \u00e9metteur<\/p>\n","protected":false},"excerpt":{"rendered":"<p>Armoire de Commande CARDIN PRG383TCE pour 1 moteur MONOPHAS\u00c9 OU TRIPHAS\u00c9 , 230 Vac (370W) \/ 400 V3 (700W) <\/p>\n","protected":false},"featured_media":8651,"template":"","meta":[],"product_brand":[],"product_cat":[200],"product_tag":[],"class_list":{"0":"post-8650","1":"product","2":"type-product","3":"status-publish","4":"has-post-thumbnail","6":"product_cat-armoires-de-commande","8":"first","9":"instock","10":"sale","11":"taxable","12":"shipping-taxable","13":"purchasable","14":"product-type-simple"},"_links":{"self":[{"href":"https:\/\/monbip.fr\/de\/wp-json\/wp\/v2\/product\/8650","targetHints":{"allow":["GET"]}}],"collection":[{"href":"https:\/\/monbip.fr\/de\/wp-json\/wp\/v2\/product"}],"about":[{"href":"https:\/\/monbip.fr\/de\/wp-json\/wp\/v2\/types\/product"}],"wp:featuredmedia":[{"embeddable":true,"href":"https:\/\/monbip.fr\/de\/wp-json\/wp\/v2\/media\/8651"}],"wp:attachment":[{"href":"https:\/\/monbip.fr\/de\/wp-json\/wp\/v2\/media?parent=8650"}],"wp:term":[{"taxonomy":"product_brand","embeddable":true,"href":"https:\/\/monbip.fr\/de\/wp-json\/wp\/v2\/product_brand?post=8650"},{"taxonomy":"product_cat","embeddable":true,"href":"https:\/\/monbip.fr\/de\/wp-json\/wp\/v2\/product_cat?post=8650"},{"taxonomy":"product_tag","embeddable":true,"href":"https:\/\/monbip.fr\/de\/wp-json\/wp\/v2\/product_tag?post=8650"}],"curies":[{"name":"wp","href":"https:\/\/api.w.org\/{rel}","templated":true}]}}