{"id":8656,"date":"2023-02-13T20:29:30","date_gmt":"2023-02-13T18:29:30","guid":{"rendered":"https:\/\/monbip.fr\/?post_type=product&#038;p=8656"},"modified":"2023-02-13T20:29:30","modified_gmt":"2023-02-13T18:29:30","slug":"armoire-de-commande-cardin-prg3840ce","status":"publish","type":"product","link":"https:\/\/monbip.fr\/de\/produkt\/schaltschraenke-de\/armoire-de-commande-cardin-prg3840ce\/","title":{"rendered":"Armoire de Commande CARDIN PRG3840CE"},"content":{"rendered":"<p>\u2022 Alimentation triphas\u00e9e 2200 W 400 V3 ~.<br \/>\n\u2022 Fonctionnement automatique, semi-automatique et homme mort.<br \/>\n\u2022 Entr\u00e9es de commande TA, TB, TC, TD, TAL.<br \/>\n\u2022 Serrure de porte int\u00e9gr\u00e9e.<br \/>\n\u2022 Sortie pour frein \u00e9lectrique.<br \/>\n\u2022 Pr\u00e9par\u00e9 pour ins\u00e9rer une carte r\u00e9cepteur radio S508 \u2013 S449.<br \/>\n\u2022 Livr\u00e9 avec 4 connexions pour c\u00e2ble \u00d816mm<\/p>\n","protected":false},"excerpt":{"rendered":"<p>CENTRALE DE COMMANDE INDUSTRIELLE POUR PORTES ET PORTAILS TRIPHAS\u00c9 400V<\/p>\n","protected":false},"featured_media":8657,"template":"","meta":[],"product_brand":[],"product_cat":[200],"product_tag":[],"class_list":{"0":"post-8656","1":"product","2":"type-product","3":"status-publish","4":"has-post-thumbnail","6":"product_cat-armoires-de-commande","8":"first","9":"instock","10":"sale","11":"taxable","12":"shipping-taxable","13":"purchasable","14":"product-type-simple"},"_links":{"self":[{"href":"https:\/\/monbip.fr\/de\/wp-json\/wp\/v2\/product\/8656","targetHints":{"allow":["GET"]}}],"collection":[{"href":"https:\/\/monbip.fr\/de\/wp-json\/wp\/v2\/product"}],"about":[{"href":"https:\/\/monbip.fr\/de\/wp-json\/wp\/v2\/types\/product"}],"wp:featuredmedia":[{"embeddable":true,"href":"https:\/\/monbip.fr\/de\/wp-json\/wp\/v2\/media\/8657"}],"wp:attachment":[{"href":"https:\/\/monbip.fr\/de\/wp-json\/wp\/v2\/media?parent=8656"}],"wp:term":[{"taxonomy":"product_brand","embeddable":true,"href":"https:\/\/monbip.fr\/de\/wp-json\/wp\/v2\/product_brand?post=8656"},{"taxonomy":"product_cat","embeddable":true,"href":"https:\/\/monbip.fr\/de\/wp-json\/wp\/v2\/product_cat?post=8656"},{"taxonomy":"product_tag","embeddable":true,"href":"https:\/\/monbip.fr\/de\/wp-json\/wp\/v2\/product_tag?post=8656"}],"curies":[{"name":"wp","href":"https:\/\/api.w.org\/{rel}","templated":true}]}}