{"id":8671,"date":"2023-02-13T21:36:28","date_gmt":"2023-02-13T19:36:28","guid":{"rendered":"https:\/\/monbip.fr\/?post_type=product&#038;p=8671"},"modified":"2024-03-11T18:45:10","modified_gmt":"2024-03-11T16:45:10","slug":"moteur-coulissant-telcoma-sl-ace-fast","status":"publish","type":"product","link":"https:\/\/monbip.fr\/de\/produkt\/motorisierungen\/moteur-coulissant-telcoma-sl-ace-fast\/","title":{"rendered":"Moteur coulissant TELCOMA SL ACE FAST 300"},"content":{"rendered":"<p>Encodeur de r\u00e9gulation anti-\u00e9crasement.<br \/>\nPotentiom\u00e8tre de r\u00e9glage de la force de pouss\u00e9e et de la sensibilit\u00e9<br \/>\nFins de course magn\u00e9tiques.<br \/>\nUnit\u00e9 de contr\u00f4le AF124 int\u00e9gr\u00e9e.<br \/>\nR\u00e9cepteur OC2 en option (open collector &#8211; sans relais) 2 canaux<br \/>\nRalentissement en phase d&#8217;ouverture et de fermeture.<br \/>\nPossibilit\u00e9 d&#8217;ins\u00e9rer le KIT POWER 400 pour un fonctionnement AVEC BATTERIES en absence temporaire de courant \u00e9lectrique.<br \/>\nPossibilit\u00e9 d&#8217;alimenter avec SUNPOWER des panneaux solaires<br \/>\nAlimentation: 230Vac<br \/>\nFr\u00e9quence : 50Hz<br \/>\nCourant absorb\u00e9 : 0.5 A<br \/>\nPuissance absorb\u00e9e : 115W<br \/>\nFacteur de marche : 40%<br \/>\nVitesse d&#8217;entrainement : de 10 \u00e0 16 m\/min<br \/>\nCouple maxi : 15 Nm<br \/>\nTemp\u00e9rature de fonctionnement : -20 \u00e0 +55 degr\u00e9s Celsius<br \/>\nIndice de protection : IP44<\/p>\n","protected":false},"excerpt":{"rendered":"<p>Moteur \u00e9lectrom\u00e9canique 24V pour portes coulissantes jusqu&#8217;\u00e0 300 Kg.<\/p>\n","protected":false},"featured_media":8672,"template":"","meta":[],"product_brand":[],"product_cat":[202,203],"product_tag":[],"class_list":{"0":"post-8671","1":"product","2":"type-product","3":"status-publish","4":"has-post-thumbnail","6":"product_cat-motorisations","7":"product_cat-motorisation-porte-de-garage","9":"first","10":"instock","11":"sale","12":"featured","13":"taxable","14":"shipping-taxable","15":"purchasable","16":"product-type-simple"},"_links":{"self":[{"href":"https:\/\/monbip.fr\/de\/wp-json\/wp\/v2\/product\/8671","targetHints":{"allow":["GET"]}}],"collection":[{"href":"https:\/\/monbip.fr\/de\/wp-json\/wp\/v2\/product"}],"about":[{"href":"https:\/\/monbip.fr\/de\/wp-json\/wp\/v2\/types\/product"}],"wp:featuredmedia":[{"embeddable":true,"href":"https:\/\/monbip.fr\/de\/wp-json\/wp\/v2\/media\/8672"}],"wp:attachment":[{"href":"https:\/\/monbip.fr\/de\/wp-json\/wp\/v2\/media?parent=8671"}],"wp:term":[{"taxonomy":"product_brand","embeddable":true,"href":"https:\/\/monbip.fr\/de\/wp-json\/wp\/v2\/product_brand?post=8671"},{"taxonomy":"product_cat","embeddable":true,"href":"https:\/\/monbip.fr\/de\/wp-json\/wp\/v2\/product_cat?post=8671"},{"taxonomy":"product_tag","embeddable":true,"href":"https:\/\/monbip.fr\/de\/wp-json\/wp\/v2\/product_tag?post=8671"}],"curies":[{"name":"wp","href":"https:\/\/api.w.org\/{rel}","templated":true}]}}