{"id":8674,"date":"2023-02-13T21:51:30","date_gmt":"2023-02-13T19:51:30","guid":{"rendered":"https:\/\/monbip.fr\/?post_type=product&#038;p=8674"},"modified":"2025-07-10T20:24:55","modified_gmt":"2025-07-10T18:24:55","slug":"moteur-coulissant-telcoma-sl-evo-800","status":"publish","type":"product","link":"https:\/\/monbip.fr\/de\/produkt\/motorisierungen\/motorisierung-von-garagentoren-de\/moteur-coulissant-telcoma-sl-evo-800\/","title":{"rendered":"Moteur coulissant TELCOMA SL EVO 800"},"content":{"rendered":"<p>Encodeur de r\u00e9gulation anti-\u00e9crasement et fins de course magn\u00e9tiques.<br \/>\nPotentiom\u00e8tre de r\u00e9gulation de la force de pouss\u00e9e.<br \/>\nCentrale de contr\u00f4le T101. pour le respect de la r\u00e9glementation CE sur la s\u00e9curit\u00e9 des portes automatiques<br \/>\nR\u00e9cepteur OC2 en option (open collector &#8211; sans relais) 2 canaux<br \/>\nRalentissement en phase d&#8217;ouverture et de fermeture<br \/>\nId\u00e9al petites collectivit\u00e9s (40 utilisateurs max.)<\/p>\n","protected":false},"excerpt":{"rendered":"<p>Moteur \u00e9lectrom\u00e9canique \u00e0 bain d&#8217;huile \u00e0 230V pour portes coulissantes jusqu&#8217;\u00e0 800 Kg.<br \/>\nEncodeur de r\u00e9gulation anti-\u00e9crasement.<br \/>\nPotentiom\u00e8tre de r\u00e9gulation de la force de pouss\u00e9e.fins de course magn\u00e9tiques<br \/>\nCentrale T101.Ralentissement en phase d&#8217;ouverture et de fermeture.<\/p>\n","protected":false},"featured_media":8669,"template":"","meta":[],"product_brand":[],"product_cat":[203,202],"product_tag":[],"class_list":{"0":"post-8674","1":"product","2":"type-product","3":"status-publish","4":"has-post-thumbnail","6":"product_cat-motorisation-porte-de-garage","7":"product_cat-motorisations","9":"first","10":"instock","11":"sale","12":"featured","13":"taxable","14":"shipping-taxable","15":"purchasable","16":"product-type-simple"},"_links":{"self":[{"href":"https:\/\/monbip.fr\/de\/wp-json\/wp\/v2\/product\/8674","targetHints":{"allow":["GET"]}}],"collection":[{"href":"https:\/\/monbip.fr\/de\/wp-json\/wp\/v2\/product"}],"about":[{"href":"https:\/\/monbip.fr\/de\/wp-json\/wp\/v2\/types\/product"}],"wp:featuredmedia":[{"embeddable":true,"href":"https:\/\/monbip.fr\/de\/wp-json\/wp\/v2\/media\/8669"}],"wp:attachment":[{"href":"https:\/\/monbip.fr\/de\/wp-json\/wp\/v2\/media?parent=8674"}],"wp:term":[{"taxonomy":"product_brand","embeddable":true,"href":"https:\/\/monbip.fr\/de\/wp-json\/wp\/v2\/product_brand?post=8674"},{"taxonomy":"product_cat","embeddable":true,"href":"https:\/\/monbip.fr\/de\/wp-json\/wp\/v2\/product_cat?post=8674"},{"taxonomy":"product_tag","embeddable":true,"href":"https:\/\/monbip.fr\/de\/wp-json\/wp\/v2\/product_tag?post=8674"}],"curies":[{"name":"wp","href":"https:\/\/api.w.org\/{rel}","templated":true}]}}