{"id":8675,"date":"2023-02-13T21:58:50","date_gmt":"2023-02-13T19:58:50","guid":{"rendered":"https:\/\/monbip.fr\/?post_type=product&#038;p=8675"},"modified":"2023-05-03T22:46:16","modified_gmt":"2023-05-03T20:46:16","slug":"moteur-coulissant-telcoma-sl-evo-1200","status":"publish","type":"product","link":"https:\/\/monbip.fr\/de\/produkt\/motorisierungen\/motorisierung-von-garagentoren-de\/moteur-coulissant-telcoma-sl-evo-1200\/","title":{"rendered":"Moteur coulissant TELCOMA SL EVO 1200"},"content":{"rendered":"<p>Potentiom\u00e8tre de r\u00e9gulation de la force de pouss\u00e9e.<br \/>\nEncodeur de r\u00e9gulation anti-\u00e9crasement et fins de course magn\u00e9tiques.<br \/>\nCentrale de contr\u00f4le T101. pour le respect de la r\u00e9glementation CE sur la s\u00e9curit\u00e9 des portes automatiques<br \/>\nR\u00e9cepteur OC2 en option (open collector &#8211; sans relais) 2 canaux<br \/>\nRalentissement en phase d&#8217;ouverture et de fermeture.<br \/>\ncommunaut\u00e9s moyennes id\u00e9ales (100 utilisateurs max.)<\/p>\n","protected":false},"excerpt":{"rendered":"<p>Moteur \u00e9lectrom\u00e9canique \u00e0 bain d\u2019huile \u00e0 230V pour portes coulissantes jusqu\u2019\u00e0 1200 Kg.<br \/>\nEncodeur de r\u00e9gulation anti-\u00e9crasement.<br \/>\nPotentiom\u00e8tre de r\u00e9gulation de la force de pouss\u00e9e.fins de course magn\u00e9tiques<br \/>\nCentrale T101.Ralentissement en phase d\u2019ouverture et de fermeture.<\/p>\n","protected":false},"featured_media":8669,"template":"","meta":[],"product_brand":[],"product_cat":[203,202],"product_tag":[],"class_list":{"0":"post-8675","1":"product","2":"type-product","3":"status-publish","4":"has-post-thumbnail","6":"product_cat-motorisation-porte-de-garage","7":"product_cat-motorisations","9":"first","10":"instock","11":"sale","12":"featured","13":"taxable","14":"shipping-taxable","15":"purchasable","16":"product-type-simple"},"_links":{"self":[{"href":"https:\/\/monbip.fr\/de\/wp-json\/wp\/v2\/product\/8675","targetHints":{"allow":["GET"]}}],"collection":[{"href":"https:\/\/monbip.fr\/de\/wp-json\/wp\/v2\/product"}],"about":[{"href":"https:\/\/monbip.fr\/de\/wp-json\/wp\/v2\/types\/product"}],"wp:featuredmedia":[{"embeddable":true,"href":"https:\/\/monbip.fr\/de\/wp-json\/wp\/v2\/media\/8669"}],"wp:attachment":[{"href":"https:\/\/monbip.fr\/de\/wp-json\/wp\/v2\/media?parent=8675"}],"wp:term":[{"taxonomy":"product_brand","embeddable":true,"href":"https:\/\/monbip.fr\/de\/wp-json\/wp\/v2\/product_brand?post=8675"},{"taxonomy":"product_cat","embeddable":true,"href":"https:\/\/monbip.fr\/de\/wp-json\/wp\/v2\/product_cat?post=8675"},{"taxonomy":"product_tag","embeddable":true,"href":"https:\/\/monbip.fr\/de\/wp-json\/wp\/v2\/product_tag?post=8675"}],"curies":[{"name":"wp","href":"https:\/\/api.w.org\/{rel}","templated":true}]}}