{"id":8683,"date":"2023-02-13T22:37:42","date_gmt":"2023-02-13T20:37:42","guid":{"rendered":"https:\/\/monbip.fr\/?post_type=product&#038;p=8683"},"modified":"2023-02-13T22:37:42","modified_gmt":"2023-02-13T20:37:42","slug":"moteur-coulissant-cardin-slx3024cb","status":"publish","type":"product","link":"https:\/\/monbip.fr\/de\/produkt\/motorisierungen\/motorisierung-von-garagentoren-de\/moteur-coulissant-cardin-slx3024cb\/","title":{"rendered":"Moteur coulissant Cardin SLX3024CB"},"content":{"rendered":"<p>Alimentation (Vac) : 230<br \/>\nFr\u00e9quence (Hz) : 50<br \/>\nCourant nominal (A) : 1,1<br \/>\nPuissance absorb\u00e9e (W) : 250<br \/>\nIntermitence de travail (%) : 70<br \/>\nVitesse d&#8217;entra\u00eenement (m\/min) : 8<br \/>\nCouple maxi. (Nm) : 90<br \/>\nTemp\u00e9rature de fonctionnement (\u00b0C Min\/Max) : -20\u00b0 : +55<br \/>\nIndice de protection (IP) : 44<br \/>\nAlimentation du moteur (Vdc) : 35<br \/>\nPuissance maxi absorb\u00e9e\/moteur (W) : 160<br \/>\nCourant nominal absorb\u00e9\/moteur (A) : 4,5<\/p>\n<p>&#8211; Encodeur magn\u00e9tique.<br \/>\n&#8211; Commande centrale CC824EINT.<br \/>\n&#8211; R\u00e9cepteur S\u00c9RIE S508 int\u00e9gr\u00e9.<br \/>\n&#8211; Kit batterie de secours KBNiMH en option<br \/>\n&#8211; \u00c9cran LCD r\u00e9tro-\u00e9clair\u00e9.<br \/>\n&#8211; Horloge planificateur.<\/p>\n","protected":false},"excerpt":{"rendered":"<p>Moteur \u00e9lectrom\u00e9canique 24 V pour portails coulissants jusqu&#8217;\u00e0 3000 Kg.<\/p>\n","protected":false},"featured_media":8684,"template":"","meta":[],"product_brand":[],"product_cat":[203,202],"product_tag":[],"class_list":{"0":"post-8683","1":"product","2":"type-product","3":"status-publish","4":"has-post-thumbnail","6":"product_cat-motorisation-porte-de-garage","7":"product_cat-motorisations","9":"first","10":"instock","11":"sale","12":"taxable","13":"shipping-taxable","14":"purchasable","15":"product-type-simple"},"_links":{"self":[{"href":"https:\/\/monbip.fr\/de\/wp-json\/wp\/v2\/product\/8683","targetHints":{"allow":["GET"]}}],"collection":[{"href":"https:\/\/monbip.fr\/de\/wp-json\/wp\/v2\/product"}],"about":[{"href":"https:\/\/monbip.fr\/de\/wp-json\/wp\/v2\/types\/product"}],"wp:featuredmedia":[{"embeddable":true,"href":"https:\/\/monbip.fr\/de\/wp-json\/wp\/v2\/media\/8684"}],"wp:attachment":[{"href":"https:\/\/monbip.fr\/de\/wp-json\/wp\/v2\/media?parent=8683"}],"wp:term":[{"taxonomy":"product_brand","embeddable":true,"href":"https:\/\/monbip.fr\/de\/wp-json\/wp\/v2\/product_brand?post=8683"},{"taxonomy":"product_cat","embeddable":true,"href":"https:\/\/monbip.fr\/de\/wp-json\/wp\/v2\/product_cat?post=8683"},{"taxonomy":"product_tag","embeddable":true,"href":"https:\/\/monbip.fr\/de\/wp-json\/wp\/v2\/product_tag?post=8683"}],"curies":[{"name":"wp","href":"https:\/\/api.w.org\/{rel}","templated":true}]}}