{"id":8697,"date":"2023-02-14T00:05:58","date_gmt":"2023-02-13T22:05:58","guid":{"rendered":"https:\/\/monbip.fr\/?post_type=product&#038;p=8697"},"modified":"2023-02-14T00:05:59","modified_gmt":"2023-02-13T22:05:59","slug":"telecommande-telcoma-edge-tango-20","status":"publish","type":"product","link":"https:\/\/monbip.fr\/de\/produkt\/garagen-und-torfernbedienungen\/telecommande-telcoma-edge-tango-20\/","title":{"rendered":"T\u00e9l\u00e9commande Telcoma Edge Tango 20"},"content":{"rendered":"<p>T\u00e9l\u00e9commande avec 20 canaux, fr\u00e9quence 433,92 MHz.Auto-apprentissage.<br \/>\nPermet le regroupement d&#8217;installations par radio<br \/>\npossibilit\u00e9 de duplication au moyen d&#8217;un programmateur PRG Tango ou, d&#8217;\u00e9metteur \u00e0 \u00e9metteur<\/p>\n","protected":false},"excerpt":{"rendered":"<p>T\u00e9l\u00e9commande Telcoma Edge Tango avec 20 canaux, fr\u00e9quence 433,92 MHz.<br \/>\nAuto-apprentissage.<\/p>\n","protected":false},"featured_media":8698,"template":"","meta":[],"product_brand":[],"product_cat":[199],"product_tag":[],"class_list":{"0":"post-8697","1":"product","2":"type-product","3":"status-publish","4":"has-post-thumbnail","6":"product_cat-telecommandes-garage-et-portail","8":"first","9":"instock","10":"sale","11":"taxable","12":"shipping-taxable","13":"purchasable","14":"product-type-simple"},"_links":{"self":[{"href":"https:\/\/monbip.fr\/de\/wp-json\/wp\/v2\/product\/8697","targetHints":{"allow":["GET"]}}],"collection":[{"href":"https:\/\/monbip.fr\/de\/wp-json\/wp\/v2\/product"}],"about":[{"href":"https:\/\/monbip.fr\/de\/wp-json\/wp\/v2\/types\/product"}],"wp:featuredmedia":[{"embeddable":true,"href":"https:\/\/monbip.fr\/de\/wp-json\/wp\/v2\/media\/8698"}],"wp:attachment":[{"href":"https:\/\/monbip.fr\/de\/wp-json\/wp\/v2\/media?parent=8697"}],"wp:term":[{"taxonomy":"product_brand","embeddable":true,"href":"https:\/\/monbip.fr\/de\/wp-json\/wp\/v2\/product_brand?post=8697"},{"taxonomy":"product_cat","embeddable":true,"href":"https:\/\/monbip.fr\/de\/wp-json\/wp\/v2\/product_cat?post=8697"},{"taxonomy":"product_tag","embeddable":true,"href":"https:\/\/monbip.fr\/de\/wp-json\/wp\/v2\/product_tag?post=8697"}],"curies":[{"name":"wp","href":"https:\/\/api.w.org\/{rel}","templated":true}]}}