{"id":8709,"date":"2023-02-14T00:39:06","date_gmt":"2023-02-13T22:39:06","guid":{"rendered":"https:\/\/monbip.fr\/?post_type=product&#038;p=8709"},"modified":"2023-02-14T00:39:06","modified_gmt":"2023-02-13T22:39:06","slug":"telecommande-telcoma-edge-fm-404","status":"publish","type":"product","link":"https:\/\/monbip.fr\/de\/produkt\/garagen-und-torfernbedienungen\/telecommande-telcoma-edge-fm-404\/","title":{"rendered":"T\u00e9l\u00e9commande Telcoma Edge FM 404"},"content":{"rendered":"<p>T\u00e9l\u00e9commande 4 canaux.<br \/>\nModulation de fr\u00e9quence FM \u00e0 433,92 MHz.<br \/>\nCode installateur exclusif<br \/>\nCode exclusif Rolling Code.<\/p>\n","protected":false},"excerpt":{"rendered":"<p>T\u00e9l\u00e9commande Telcoma Edge FM 404, fr\u00e9quence 433,92 MHz.<br \/>\nAuto-apprentissage.<\/p>\n","protected":false},"featured_media":8710,"template":"","meta":[],"product_brand":[],"product_cat":[199],"product_tag":[],"class_list":{"0":"post-8709","1":"product","2":"type-product","3":"status-publish","4":"has-post-thumbnail","6":"product_cat-telecommandes-garage-et-portail","8":"first","9":"instock","10":"sale","11":"taxable","12":"shipping-taxable","13":"purchasable","14":"product-type-simple"},"_links":{"self":[{"href":"https:\/\/monbip.fr\/de\/wp-json\/wp\/v2\/product\/8709","targetHints":{"allow":["GET"]}}],"collection":[{"href":"https:\/\/monbip.fr\/de\/wp-json\/wp\/v2\/product"}],"about":[{"href":"https:\/\/monbip.fr\/de\/wp-json\/wp\/v2\/types\/product"}],"wp:featuredmedia":[{"embeddable":true,"href":"https:\/\/monbip.fr\/de\/wp-json\/wp\/v2\/media\/8710"}],"wp:attachment":[{"href":"https:\/\/monbip.fr\/de\/wp-json\/wp\/v2\/media?parent=8709"}],"wp:term":[{"taxonomy":"product_brand","embeddable":true,"href":"https:\/\/monbip.fr\/de\/wp-json\/wp\/v2\/product_brand?post=8709"},{"taxonomy":"product_cat","embeddable":true,"href":"https:\/\/monbip.fr\/de\/wp-json\/wp\/v2\/product_cat?post=8709"},{"taxonomy":"product_tag","embeddable":true,"href":"https:\/\/monbip.fr\/de\/wp-json\/wp\/v2\/product_tag?post=8709"}],"curies":[{"name":"wp","href":"https:\/\/api.w.org\/{rel}","templated":true}]}}