{"id":9096,"date":"2023-03-12T22:12:59","date_gmt":"2023-03-12T20:12:59","guid":{"rendered":"https:\/\/monbip.fr\/?post_type=product&#038;p=9096"},"modified":"2025-05-21T22:52:13","modified_gmt":"2025-05-21T20:52:13","slug":"kit-moteur-telcoma-evo-800","status":"publish","type":"product","link":"https:\/\/monbip.fr\/de\/produkt\/tor-oder-garagenmotor-kit-de\/kit-moteur-telcoma-evo-800\/","title":{"rendered":"Kit moteur TELCOMA EVO 800"},"content":{"rendered":"<p>Le kit comprend:<\/p>\n<p>1 moteur coulissant EVO800 TANGO \/ S508 avec logique de commande T101 et r\u00e9cepteur d\u00e9brochable OC2 TANGO\/ S508, pour usage r\u00e9sidentiel jusqu\u2019\u00e0 800 Kg.<br \/>\nAvec fins de course magn\u00e9tiques et encodeur de r\u00e9gulation de puissance int\u00e9gr\u00e9.<\/p>\n<p>1 OC2 TANGO\/FM\/S508 R\u00e9cepteur int\u00e9grable s\u00e9rie Tango Open Collector 2 Canaux AM 433.92MHz. code fixe, FM 433,92 MHz rolling code ou FM 868 MHz rolling code.<\/p>\n<p>1 VEDO180 Jeu de photocellules de surface synchronis\u00e9es orientables \u00e0 180o. Port\u00e9e maximale 25 m\u00e8tres.<br \/>\nAlimentation 12\/24 Vca-cc. G.Protection IP44. L\u2019optique \u00e0 centrage automatique permet une correction d\u2019erreur m\u00eame dans le sens vertical.<\/p>\n<p>1 TROUSSE DE MONTAGE<\/p>\n<p>2 EDGE TANGO\/FM\/S508, \u00e9metteur AM 433,92 Mhz \u00e0 code fixe, \u00e9metteur \u00e0 code tournant FM 433,92 ou \u00e9metteur \u00e0 code tournant FM S508 868 MHz.<\/p>\n","protected":false},"excerpt":{"rendered":"<p>Kit moteur EVO 800 CARDIN (Telcoma) pour automatiser des portails coulissants jusqu\u2019\u00e0 800 kg. Usage r\u00e9sidentiel \/ priv\u00e9.<\/p>\n","protected":false},"featured_media":9097,"template":"","meta":[],"product_brand":[],"product_cat":[208,203],"product_tag":[],"class_list":{"0":"post-9096","1":"product","2":"type-product","3":"status-publish","4":"has-post-thumbnail","6":"product_cat-kit-moteur-portail-ou-garage","7":"product_cat-motorisation-porte-de-garage","9":"first","10":"instock","11":"sale","12":"featured","13":"taxable","14":"shipping-taxable","15":"purchasable","16":"product-type-simple"},"_links":{"self":[{"href":"https:\/\/monbip.fr\/de\/wp-json\/wp\/v2\/product\/9096","targetHints":{"allow":["GET"]}}],"collection":[{"href":"https:\/\/monbip.fr\/de\/wp-json\/wp\/v2\/product"}],"about":[{"href":"https:\/\/monbip.fr\/de\/wp-json\/wp\/v2\/types\/product"}],"wp:featuredmedia":[{"embeddable":true,"href":"https:\/\/monbip.fr\/de\/wp-json\/wp\/v2\/media\/9097"}],"wp:attachment":[{"href":"https:\/\/monbip.fr\/de\/wp-json\/wp\/v2\/media?parent=9096"}],"wp:term":[{"taxonomy":"product_brand","embeddable":true,"href":"https:\/\/monbip.fr\/de\/wp-json\/wp\/v2\/product_brand?post=9096"},{"taxonomy":"product_cat","embeddable":true,"href":"https:\/\/monbip.fr\/de\/wp-json\/wp\/v2\/product_cat?post=9096"},{"taxonomy":"product_tag","embeddable":true,"href":"https:\/\/monbip.fr\/de\/wp-json\/wp\/v2\/product_tag?post=9096"}],"curies":[{"name":"wp","href":"https:\/\/api.w.org\/{rel}","templated":true}]}}