{"id":9199,"date":"2023-06-20T17:03:52","date_gmt":"2023-06-20T15:03:52","guid":{"rendered":"https:\/\/monbip.fr\/?post_type=product&#038;p=9199"},"modified":"2025-03-26T23:44:27","modified_gmt":"2025-03-26T21:44:27","slug":"kit-moteur-battant-came-ats-24v","status":"publish","type":"product","link":"https:\/\/monbip.fr\/de\/produkt\/tor-oder-garagenmotor-kit-de\/kit-moteur-battant-came-ats-24v\/","title":{"rendered":"KIT Moteur BATTANT CAME ATS 24V"},"content":{"rendered":"<p>Compos\u00e9 par:<br \/>\n&#8211; Motor\u00e9ducteur t\u00e9lescopique irr\u00e9versible 24V N. 2 801MP-0070 avec encodeur<br \/>\npour vantaux jusqu&#8217;\u00e0 3 mt.<br \/>\n002ZL65 Tableau de commande pour un ou deux vantaux battants<br \/>\navec affichage de programmation et autodiagnostic des \u00e9l\u00e9ments de s\u00e9curit\u00e9.<br \/>\n806TS-0270 TOP44RBN \u00c9metteur code tournant 433 MHz.<br \/>\n001AF43S Carte radiofr\u00e9quence enfichable \u00e0 433,92 Mhz.<br \/>\n001DIR10 Paire de photocellules 12-24V synchronis\u00e9es jusqu&#8217;\u00e0 10 m\u00e8tres.<br \/>\n001KLED24 Voyant clignotant \u00e0 LED 24V DC.<\/p>\n","protected":false},"excerpt":{"rendered":"<p>KIT Moteur BATTANT CAME ATS 24V pour portails battants jusqu&#8217;\u00e0 3 m \/ 400 kg<\/p>\n","protected":false},"featured_media":9200,"template":"","meta":[],"product_brand":[],"product_cat":[208],"product_tag":[],"class_list":{"0":"post-9199","1":"product","2":"type-product","3":"status-publish","4":"has-post-thumbnail","6":"product_cat-kit-moteur-portail-ou-garage","8":"first","9":"instock","10":"sale","11":"featured","12":"taxable","13":"shipping-taxable","14":"purchasable","15":"product-type-simple"},"_links":{"self":[{"href":"https:\/\/monbip.fr\/de\/wp-json\/wp\/v2\/product\/9199","targetHints":{"allow":["GET"]}}],"collection":[{"href":"https:\/\/monbip.fr\/de\/wp-json\/wp\/v2\/product"}],"about":[{"href":"https:\/\/monbip.fr\/de\/wp-json\/wp\/v2\/types\/product"}],"wp:featuredmedia":[{"embeddable":true,"href":"https:\/\/monbip.fr\/de\/wp-json\/wp\/v2\/media\/9200"}],"wp:attachment":[{"href":"https:\/\/monbip.fr\/de\/wp-json\/wp\/v2\/media?parent=9199"}],"wp:term":[{"taxonomy":"product_brand","embeddable":true,"href":"https:\/\/monbip.fr\/de\/wp-json\/wp\/v2\/product_brand?post=9199"},{"taxonomy":"product_cat","embeddable":true,"href":"https:\/\/monbip.fr\/de\/wp-json\/wp\/v2\/product_cat?post=9199"},{"taxonomy":"product_tag","embeddable":true,"href":"https:\/\/monbip.fr\/de\/wp-json\/wp\/v2\/product_tag?post=9199"}],"curies":[{"name":"wp","href":"https:\/\/api.w.org\/{rel}","templated":true}]}}