{"id":9210,"date":"2023-06-20T17:52:50","date_gmt":"2023-06-20T15:52:50","guid":{"rendered":"https:\/\/monbip.fr\/?post_type=product&#038;p=9210"},"modified":"2023-06-20T17:52:50","modified_gmt":"2023-06-20T15:52:50","slug":"kit-moteur-came-axo-ax5024","status":"publish","type":"product","link":"https:\/\/monbip.fr\/de\/produkt\/tor-oder-garagenmotor-kit-de\/kit-moteur-came-axo-ax5024\/","title":{"rendered":"Kit Moteur CAME AXO AX5024"},"content":{"rendered":"<p>Compos\u00e9 par:<br \/>\n1 001AX5024 Motor\u00e9ducteur irr\u00e9versible 24V DC. Avec encodeur pour vantaux battants jusqu&#8217;\u00e0 5 m\u00e8tres.<br \/>\n1 ZLX24MA &#8211; 801QA-0050, panneau de commande multifonction,<br \/>\navec alimentation 230 V AC, pour portails \u00e0 deux vantaux Ailes 24 V<br \/>\n1 806TS-0270 TOP44RBN \u00c9metteur code tournant 433 MHz.<br \/>\n1 001AF43S Carte radiofr\u00e9quence enfichable \u00e0 433,92 Mhz.<br \/>\n1 001DIR10 Paire de photocellules 12-24V synchronis\u00e9es jusqu&#8217;\u00e0 10 m\u00e8tres.<br \/>\n1 001KLED24 Voyant clignotant \u00e0 LED 24V DC<\/p>\n","protected":false},"excerpt":{"rendered":"<p>Le moteur CAME AXO AX5024 est con\u00e7u pour automatiser des portails battants jusqu&#8217;\u00e0 5 m\u00e8tres de long par vantail et un poids maximal de 1000 kg.<\/p>\n","protected":false},"featured_media":9211,"template":"","meta":[],"product_brand":[],"product_cat":[208],"product_tag":[],"class_list":{"0":"post-9210","1":"product","2":"type-product","3":"status-publish","4":"has-post-thumbnail","6":"product_cat-kit-moteur-portail-ou-garage","8":"first","9":"instock","10":"sale","11":"taxable","12":"shipping-taxable","13":"purchasable","14":"product-type-simple"},"_links":{"self":[{"href":"https:\/\/monbip.fr\/de\/wp-json\/wp\/v2\/product\/9210","targetHints":{"allow":["GET"]}}],"collection":[{"href":"https:\/\/monbip.fr\/de\/wp-json\/wp\/v2\/product"}],"about":[{"href":"https:\/\/monbip.fr\/de\/wp-json\/wp\/v2\/types\/product"}],"wp:featuredmedia":[{"embeddable":true,"href":"https:\/\/monbip.fr\/de\/wp-json\/wp\/v2\/media\/9211"}],"wp:attachment":[{"href":"https:\/\/monbip.fr\/de\/wp-json\/wp\/v2\/media?parent=9210"}],"wp:term":[{"taxonomy":"product_brand","embeddable":true,"href":"https:\/\/monbip.fr\/de\/wp-json\/wp\/v2\/product_brand?post=9210"},{"taxonomy":"product_cat","embeddable":true,"href":"https:\/\/monbip.fr\/de\/wp-json\/wp\/v2\/product_cat?post=9210"},{"taxonomy":"product_tag","embeddable":true,"href":"https:\/\/monbip.fr\/de\/wp-json\/wp\/v2\/product_tag?post=9210"}],"curies":[{"name":"wp","href":"https:\/\/api.w.org\/{rel}","templated":true}]}}