{"id":9307,"date":"2023-09-04T00:04:59","date_gmt":"2023-09-03T22:04:59","guid":{"rendered":"https:\/\/monbip.fr\/?post_type=product&#038;p=9307"},"modified":"2023-09-04T00:04:59","modified_gmt":"2023-09-03T22:04:59","slug":"bft-shyra-f-ac-230v","status":"publish","type":"product","link":"https:\/\/monbip.fr\/de\/produkt\/schaltschraenke-de\/bft-shyra-f-ac-230v\/","title":{"rendered":"BFT SHYRA-F AC 230V"},"content":{"rendered":"<p>Elle dispose d&#8217;une bande amovible pour connecter des accessoires qui \u00e9tendent les fonctionnalit\u00e9s de cette carte de contr\u00f4le. Il est possible d&#8217;installer jusqu&#8217;\u00e0 63 commandes avec la technologie Rolling Code que vous pouvez \u00e9galement acheter dans notre catalogue de produits, toujours au meilleur prix et avec une qualit\u00e9 fiable des plus grandes marques du march\u00e9 de l&#8217;automatisation.<\/p>\n","protected":false},"excerpt":{"rendered":"<p>Carte \u00e9lectronique BFT SHYRA-F AC 230V\u00a0 pour portes et stores coulissantes, battantes, basculantes<\/p>\n","protected":false},"featured_media":9308,"template":"","meta":[],"product_brand":[],"product_cat":[200],"product_tag":[],"class_list":{"0":"post-9307","1":"product","2":"type-product","3":"status-publish","4":"has-post-thumbnail","6":"product_cat-armoires-de-commande","8":"first","9":"instock","10":"sale","11":"taxable","12":"shipping-taxable","13":"purchasable","14":"product-type-simple"},"_links":{"self":[{"href":"https:\/\/monbip.fr\/de\/wp-json\/wp\/v2\/product\/9307","targetHints":{"allow":["GET"]}}],"collection":[{"href":"https:\/\/monbip.fr\/de\/wp-json\/wp\/v2\/product"}],"about":[{"href":"https:\/\/monbip.fr\/de\/wp-json\/wp\/v2\/types\/product"}],"wp:featuredmedia":[{"embeddable":true,"href":"https:\/\/monbip.fr\/de\/wp-json\/wp\/v2\/media\/9308"}],"wp:attachment":[{"href":"https:\/\/monbip.fr\/de\/wp-json\/wp\/v2\/media?parent=9307"}],"wp:term":[{"taxonomy":"product_brand","embeddable":true,"href":"https:\/\/monbip.fr\/de\/wp-json\/wp\/v2\/product_brand?post=9307"},{"taxonomy":"product_cat","embeddable":true,"href":"https:\/\/monbip.fr\/de\/wp-json\/wp\/v2\/product_cat?post=9307"},{"taxonomy":"product_tag","embeddable":true,"href":"https:\/\/monbip.fr\/de\/wp-json\/wp\/v2\/product_tag?post=9307"}],"curies":[{"name":"wp","href":"https:\/\/api.w.org\/{rel}","templated":true}]}}