{"id":9313,"date":"2023-09-04T00:53:36","date_gmt":"2023-09-03T22:53:36","guid":{"rendered":"https:\/\/monbip.fr\/?post_type=product&#038;p=9313"},"modified":"2023-09-04T00:53:36","modified_gmt":"2023-09-03T22:53:36","slug":"carte-electronique-bft-merak-400","status":"publish","type":"product","link":"https:\/\/monbip.fr\/de\/produkt\/schaltschraenke-de\/carte-electronique-bft-merak-400\/","title":{"rendered":"Carte \u00e9lectronique BFT MERAK 400"},"content":{"rendered":"<p>CARACT\u00c9RISTIQUES:<br \/>\nAlimentation de la carte : 230 V monophas\u00e9<br \/>\nAlimentation op\u00e9rateur : 24V 80W<br \/>\nFonctions principales : fermeture automatique, fermeture rapide, ouverture pi\u00e9tonne, fonctionnement en pr\u00e9sence de personnes, signalisation de maintenance.<br \/>\nCompatibilit\u00e9 : HQSC-D, QSC-D MA<br \/>\nCaract\u00e9ristiques principales : bornes de connexion amovibles avec la nouvelle norme de couleur, programmation simplifi\u00e9e de sc\u00e9narios avec afficheur, r\u00e9cepteur bicanal int\u00e9gr\u00e9, syst\u00e8me anti-\u00e9crasement bas\u00e9 sur le syst\u00e8me D-Track, ralenti en ouverture et en fermeture.<\/p>\n","protected":false},"excerpt":{"rendered":"<p>BFT MERAK 400 pour automatisme portails coulissants BFT DEIMOS ULTRA BT A400.<\/p>\n","protected":false},"featured_media":9314,"template":"","meta":[],"product_brand":[],"product_cat":[200],"product_tag":[],"class_list":{"0":"post-9313","1":"product","2":"type-product","3":"status-publish","4":"has-post-thumbnail","6":"product_cat-armoires-de-commande","8":"first","9":"instock","10":"sale","11":"taxable","12":"shipping-taxable","13":"purchasable","14":"product-type-simple"},"_links":{"self":[{"href":"https:\/\/monbip.fr\/de\/wp-json\/wp\/v2\/product\/9313","targetHints":{"allow":["GET"]}}],"collection":[{"href":"https:\/\/monbip.fr\/de\/wp-json\/wp\/v2\/product"}],"about":[{"href":"https:\/\/monbip.fr\/de\/wp-json\/wp\/v2\/types\/product"}],"wp:featuredmedia":[{"embeddable":true,"href":"https:\/\/monbip.fr\/de\/wp-json\/wp\/v2\/media\/9314"}],"wp:attachment":[{"href":"https:\/\/monbip.fr\/de\/wp-json\/wp\/v2\/media?parent=9313"}],"wp:term":[{"taxonomy":"product_brand","embeddable":true,"href":"https:\/\/monbip.fr\/de\/wp-json\/wp\/v2\/product_brand?post=9313"},{"taxonomy":"product_cat","embeddable":true,"href":"https:\/\/monbip.fr\/de\/wp-json\/wp\/v2\/product_cat?post=9313"},{"taxonomy":"product_tag","embeddable":true,"href":"https:\/\/monbip.fr\/de\/wp-json\/wp\/v2\/product_tag?post=9313"}],"curies":[{"name":"wp","href":"https:\/\/api.w.org\/{rel}","templated":true}]}}