{"id":9326,"date":"2023-09-04T02:29:21","date_gmt":"2023-09-04T00:29:21","guid":{"rendered":"https:\/\/monbip.fr\/?post_type=product&#038;p=9326"},"modified":"2023-09-04T02:43:15","modified_gmt":"2023-09-04T00:43:15","slug":"carte-electronique-bft-venere-bt-dis-botticelli","status":"publish","type":"product","link":"https:\/\/monbip.fr\/de\/produkt\/schaltschraenke-de\/carte-electronique-bft-venere-bt-dis-botticelli\/","title":{"rendered":"Carte \u00e9lectronique BFT VENERE BT DIS BOTTICELLI"},"content":{"rendered":"<p>BFT VENERE BT DIS BOTTICELLI op\u00e9rateur 24 V pour portes de garage Alimentation carte : 230 V monophas\u00e9 Alimentation moteur et accessoires : 24 V Caract\u00e9ristiques principales : r\u00e9cepteur int\u00e9gr\u00e9 \u00e0 deux canaux, anti-\u00e9crasement bas\u00e9 sur le syst\u00e8me D-Track, ralentissement en ouverture et en fermeture Fonctions principales : fermeture automatique, contr\u00f4le automatique du couple. Programmation des \u00e9crans Protocole U-link Fonction anti-intrusion exclusive.<\/p>\n","protected":false},"excerpt":{"rendered":"<p>Carte \u00e9lectronique BFT &#8220;VENERE BT A DIS&#8221; Op\u00e9rateur BOTTICELLI 24V avec affichage num\u00e9rique.<\/p>\n","protected":false},"featured_media":9327,"template":"","meta":[],"product_brand":[],"product_cat":[200],"product_tag":[],"class_list":{"0":"post-9326","1":"product","2":"type-product","3":"status-publish","4":"has-post-thumbnail","6":"product_cat-armoires-de-commande","8":"first","9":"instock","10":"sale","11":"taxable","12":"shipping-taxable","13":"purchasable","14":"product-type-simple"},"_links":{"self":[{"href":"https:\/\/monbip.fr\/de\/wp-json\/wp\/v2\/product\/9326","targetHints":{"allow":["GET"]}}],"collection":[{"href":"https:\/\/monbip.fr\/de\/wp-json\/wp\/v2\/product"}],"about":[{"href":"https:\/\/monbip.fr\/de\/wp-json\/wp\/v2\/types\/product"}],"wp:featuredmedia":[{"embeddable":true,"href":"https:\/\/monbip.fr\/de\/wp-json\/wp\/v2\/media\/9327"}],"wp:attachment":[{"href":"https:\/\/monbip.fr\/de\/wp-json\/wp\/v2\/media?parent=9326"}],"wp:term":[{"taxonomy":"product_brand","embeddable":true,"href":"https:\/\/monbip.fr\/de\/wp-json\/wp\/v2\/product_brand?post=9326"},{"taxonomy":"product_cat","embeddable":true,"href":"https:\/\/monbip.fr\/de\/wp-json\/wp\/v2\/product_cat?post=9326"},{"taxonomy":"product_tag","embeddable":true,"href":"https:\/\/monbip.fr\/de\/wp-json\/wp\/v2\/product_tag?post=9326"}],"curies":[{"name":"wp","href":"https:\/\/api.w.org\/{rel}","templated":true}]}}