{"id":9353,"date":"2023-09-17T12:38:02","date_gmt":"2023-09-17T10:38:02","guid":{"rendered":"https:\/\/monbip.fr\/?post_type=product&#038;p=9353"},"modified":"2023-09-17T12:38:02","modified_gmt":"2023-09-17T10:38:02","slug":"telecommande-roger-e80-tx54r","status":"publish","type":"product","link":"https:\/\/monbip.fr\/de\/produkt\/garagen-und-torfernbedienungen\/telecommande-roger-e80-tx54r\/","title":{"rendered":"T\u00e9l\u00e9commande ROGER E80 TX54R"},"content":{"rendered":"<p>En stock les commandes ROGER au meilleur prix et tous les produits, pi\u00e8ces d\u00e9tach\u00e9es et pi\u00e8ces d\u00e9tach\u00e9es de la marque o\u00f9 vous pouvez acheter des produits originaux au meilleur prix avec une garantie totale, et si vous ne trouvez pas ce que vous cherchez, ne N&#8217;h\u00e9sitez pas \u00e0 nous contacter!<\/p>\n<p>Compatible avec les mod\u00e8les de r\u00e9cepteurs suivants :<br \/>\nROGER H93\/RX22A\/I<br \/>\nROGER R93\/RX12\/A\/U<\/p>\n","protected":false},"excerpt":{"rendered":"<p>T\u00e9l\u00e9commande de garage ROGER E80 4 boutons couleur gris mod\u00e8le E80\/TX54R\/2 quatre \u00a0canaux<\/p>\n","protected":false},"featured_media":9354,"template":"","meta":[],"product_brand":[],"product_cat":[199],"product_tag":[],"class_list":{"0":"post-9353","1":"product","2":"type-product","3":"status-publish","4":"has-post-thumbnail","6":"product_cat-telecommandes-garage-et-portail","8":"first","9":"instock","10":"sale","11":"taxable","12":"shipping-taxable","13":"purchasable","14":"product-type-simple"},"_links":{"self":[{"href":"https:\/\/monbip.fr\/de\/wp-json\/wp\/v2\/product\/9353","targetHints":{"allow":["GET"]}}],"collection":[{"href":"https:\/\/monbip.fr\/de\/wp-json\/wp\/v2\/product"}],"about":[{"href":"https:\/\/monbip.fr\/de\/wp-json\/wp\/v2\/types\/product"}],"wp:featuredmedia":[{"embeddable":true,"href":"https:\/\/monbip.fr\/de\/wp-json\/wp\/v2\/media\/9354"}],"wp:attachment":[{"href":"https:\/\/monbip.fr\/de\/wp-json\/wp\/v2\/media?parent=9353"}],"wp:term":[{"taxonomy":"product_brand","embeddable":true,"href":"https:\/\/monbip.fr\/de\/wp-json\/wp\/v2\/product_brand?post=9353"},{"taxonomy":"product_cat","embeddable":true,"href":"https:\/\/monbip.fr\/de\/wp-json\/wp\/v2\/product_cat?post=9353"},{"taxonomy":"product_tag","embeddable":true,"href":"https:\/\/monbip.fr\/de\/wp-json\/wp\/v2\/product_tag?post=9353"}],"curies":[{"name":"wp","href":"https:\/\/api.w.org\/{rel}","templated":true}]}}