{"id":9356,"date":"2023-09-17T12:57:06","date_gmt":"2023-09-17T10:57:06","guid":{"rendered":"https:\/\/monbip.fr\/?post_type=product&#038;p=9356"},"modified":"2025-06-18T20:19:48","modified_gmt":"2025-06-18T18:19:48","slug":"telecommande-came-top-862ev","status":"publish","type":"product","link":"https:\/\/monbip.fr\/de\/produkt\/garagen-und-torfernbedienungen\/telecommande-came-top-862ev\/","title":{"rendered":"T\u00e9l\u00e9commande CAME TOP 862EV"},"content":{"rendered":"<p>Caract\u00e9ristiques<br \/>\nNombre de boutons : 2 boutons<br \/>\nNombre de canaux : 2<br \/>\nDimensions: 69x12x32mm<br \/>\nAlimentation : 2 piles CR2016<br \/>\nFr\u00e9quence : 868,35 MHz<br \/>\nCodage\u00a0:\u00a0auto-apprentissage<br \/>\nCombinaisons possibles : 4 096<br \/>\nPort\u00e9e : 50 -150 m<\/p>\n","protected":false},"excerpt":{"rendered":"<p>T\u00e9l\u00e9commande CAME TOP 862ev a \u00e9t\u00e9 remplac\u00e9e par la nouvelle version CAME TOPD4FRN.<\/p>\n<p>Ce mod\u00e8le CAME TOPD4FRN peut \u00eatre utilis\u00e9e sur tous les \u00e9metteurs CAME existants TOP, TAM, TWIN et TTS.<\/p>\n","protected":false},"featured_media":9357,"template":"","meta":[],"product_brand":[],"product_cat":[199],"product_tag":[],"class_list":{"0":"post-9356","1":"product","2":"type-product","3":"status-publish","4":"has-post-thumbnail","6":"product_cat-telecommandes-garage-et-portail","8":"first","9":"instock","10":"sale","11":"taxable","12":"shipping-taxable","13":"purchasable","14":"product-type-simple"},"_links":{"self":[{"href":"https:\/\/monbip.fr\/de\/wp-json\/wp\/v2\/product\/9356","targetHints":{"allow":["GET"]}}],"collection":[{"href":"https:\/\/monbip.fr\/de\/wp-json\/wp\/v2\/product"}],"about":[{"href":"https:\/\/monbip.fr\/de\/wp-json\/wp\/v2\/types\/product"}],"wp:featuredmedia":[{"embeddable":true,"href":"https:\/\/monbip.fr\/de\/wp-json\/wp\/v2\/media\/9357"}],"wp:attachment":[{"href":"https:\/\/monbip.fr\/de\/wp-json\/wp\/v2\/media?parent=9356"}],"wp:term":[{"taxonomy":"product_brand","embeddable":true,"href":"https:\/\/monbip.fr\/de\/wp-json\/wp\/v2\/product_brand?post=9356"},{"taxonomy":"product_cat","embeddable":true,"href":"https:\/\/monbip.fr\/de\/wp-json\/wp\/v2\/product_cat?post=9356"},{"taxonomy":"product_tag","embeddable":true,"href":"https:\/\/monbip.fr\/de\/wp-json\/wp\/v2\/product_tag?post=9356"}],"curies":[{"name":"wp","href":"https:\/\/api.w.org\/{rel}","templated":true}]}}