{"id":9362,"date":"2023-09-17T13:25:23","date_gmt":"2023-09-17T11:25:23","guid":{"rendered":"https:\/\/monbip.fr\/?post_type=product&#038;p=9362"},"modified":"2023-09-17T13:25:23","modified_gmt":"2023-09-17T11:25:23","slug":"aprimatic-a80-dg","status":"publish","type":"product","link":"https:\/\/monbip.fr\/de\/produkt\/schaltschraenke-de\/aprimatic-a80-dg\/","title":{"rendered":"Aprimatic A80 DG"},"content":{"rendered":"<p>Caract\u00e9ristiques:<br \/>\nAutoprogrammation du parcours pour ajuster les sections de d\u00e9c\u00e9l\u00e9ration en ouverture et en fermeture.<br \/>\nContr\u00f4le du couple moteur et fonction AUTO-REVERSE pour la d\u00e9tection d&#8217;obstacles.<br \/>\nConnexion MA\u00ceTRE-ESCLAVE via carte optionnelle<br \/>\nConnexion de bande de s\u00e9curit\u00e9 r\u00e9sistive et NC.<br \/>\nEntr\u00e9es de s\u00e9curit\u00e9 dans les deux sens de fonctionnement, fermeture et ouverture.<br \/>\nR\u00e9cepteur int\u00e9gr\u00e9 jusqu&#8217;\u00e0 100 \u00e9metteurs Apricode.<br \/>\nTest photocellule en cl\u00f4ture.<br \/>\nFonction \u00e9clairage de garage et gestion des feux rouge\/vert avec priorit\u00e9 via carte ins\u00e9rable en option.<br \/>\nCompteur de man\u0153uvres<br \/>\nD\u00e9sactive automatiquement les entr\u00e9es de contact NC inutilis\u00e9es.<br \/>\nJusqu&#8217;\u00e0 120 param\u00e8tres r\u00e9glables.<\/p>\n","protected":false},"excerpt":{"rendered":"<p>Aprimatic A80 DG pour portes coulissantes est indiqu\u00e9 pour un moteur \u00e9lectrom\u00e9canique de 230 Vca avec fins de course. Il dispose d&#8217;un auto-apprentissage et d&#8217;une programmation des param\u00e8tres via un \u00e9cran LCD.<\/p>\n","protected":false},"featured_media":9363,"template":"","meta":[],"product_brand":[],"product_cat":[200],"product_tag":[],"class_list":{"0":"post-9362","1":"product","2":"type-product","3":"status-publish","4":"has-post-thumbnail","6":"product_cat-armoires-de-commande","8":"first","9":"instock","10":"sale","11":"taxable","12":"shipping-taxable","13":"purchasable","14":"product-type-simple"},"_links":{"self":[{"href":"https:\/\/monbip.fr\/de\/wp-json\/wp\/v2\/product\/9362","targetHints":{"allow":["GET"]}}],"collection":[{"href":"https:\/\/monbip.fr\/de\/wp-json\/wp\/v2\/product"}],"about":[{"href":"https:\/\/monbip.fr\/de\/wp-json\/wp\/v2\/types\/product"}],"wp:featuredmedia":[{"embeddable":true,"href":"https:\/\/monbip.fr\/de\/wp-json\/wp\/v2\/media\/9363"}],"wp:attachment":[{"href":"https:\/\/monbip.fr\/de\/wp-json\/wp\/v2\/media?parent=9362"}],"wp:term":[{"taxonomy":"product_brand","embeddable":true,"href":"https:\/\/monbip.fr\/de\/wp-json\/wp\/v2\/product_brand?post=9362"},{"taxonomy":"product_cat","embeddable":true,"href":"https:\/\/monbip.fr\/de\/wp-json\/wp\/v2\/product_cat?post=9362"},{"taxonomy":"product_tag","embeddable":true,"href":"https:\/\/monbip.fr\/de\/wp-json\/wp\/v2\/product_tag?post=9362"}],"curies":[{"name":"wp","href":"https:\/\/api.w.org\/{rel}","templated":true}]}}