{"id":9365,"date":"2023-09-17T13:35:30","date_gmt":"2023-09-17T11:35:30","guid":{"rendered":"https:\/\/monbip.fr\/?post_type=product&#038;p=9365"},"modified":"2023-09-17T13:35:30","modified_gmt":"2023-09-17T11:35:30","slug":"aprimatic-a83t","status":"publish","type":"product","link":"https:\/\/monbip.fr\/de\/produkt\/schaltschraenke-de\/aprimatic-a83t\/","title":{"rendered":"APRIMATIC A83T"},"content":{"rendered":"<p>Caract\u00e9ristiques techniques:<br \/>\nCapteur amp\u00e9rom\u00e9trique dans chaque phase pour la d\u00e9tection d&#8217;obstacles. R\u00e9cepteur abricode int\u00e9gr\u00e9 pour 1000 commandes.<br \/>\nD\u00e9tection de d\u00e9faillance de phase.<br \/>\nFonction \u00ab Motor-guard \u00bb r\u00e9glable de 0,5 \u00e0 4 A.<br \/>\nConnexion de bande de s\u00e9curit\u00e9 r\u00e9sistive et NC.<br \/>\nEntr\u00e9es de s\u00e9curit\u00e9 dans les deux sens de fonctionnement, fermeture et ouverture.<br \/>\nTest photocellule en cl\u00f4ture.<br \/>\nFonction d&#8217;\u00e9clairage de garage int\u00e9gr\u00e9e.<br \/>\nFonction de feu rouge\/vert non prioritaire int\u00e9gr\u00e9e.<\/p>\n","protected":false},"excerpt":{"rendered":"<p>Armoire de commande APRIMATIC A83 T est indiqu\u00e9 pour un op\u00e9rateur \u00e9lectrom\u00e9canique triphas\u00e9 400 Vc de 1,5 Kw ou un op\u00e9rateur monophas\u00e9 230 Vac de 800 W.<\/p>\n","protected":false},"featured_media":9366,"template":"","meta":[],"product_brand":[],"product_cat":[200],"product_tag":[],"class_list":{"0":"post-9365","1":"product","2":"type-product","3":"status-publish","4":"has-post-thumbnail","6":"product_cat-armoires-de-commande","8":"first","9":"instock","10":"sale","11":"taxable","12":"shipping-taxable","13":"purchasable","14":"product-type-simple"},"_links":{"self":[{"href":"https:\/\/monbip.fr\/de\/wp-json\/wp\/v2\/product\/9365","targetHints":{"allow":["GET"]}}],"collection":[{"href":"https:\/\/monbip.fr\/de\/wp-json\/wp\/v2\/product"}],"about":[{"href":"https:\/\/monbip.fr\/de\/wp-json\/wp\/v2\/types\/product"}],"wp:featuredmedia":[{"embeddable":true,"href":"https:\/\/monbip.fr\/de\/wp-json\/wp\/v2\/media\/9366"}],"wp:attachment":[{"href":"https:\/\/monbip.fr\/de\/wp-json\/wp\/v2\/media?parent=9365"}],"wp:term":[{"taxonomy":"product_brand","embeddable":true,"href":"https:\/\/monbip.fr\/de\/wp-json\/wp\/v2\/product_brand?post=9365"},{"taxonomy":"product_cat","embeddable":true,"href":"https:\/\/monbip.fr\/de\/wp-json\/wp\/v2\/product_cat?post=9365"},{"taxonomy":"product_tag","embeddable":true,"href":"https:\/\/monbip.fr\/de\/wp-json\/wp\/v2\/product_tag?post=9365"}],"curies":[{"name":"wp","href":"https:\/\/api.w.org\/{rel}","templated":true}]}}