{"id":9368,"date":"2023-09-17T13:56:53","date_gmt":"2023-09-17T11:56:53","guid":{"rendered":"https:\/\/monbip.fr\/?post_type=product&#038;p=9368"},"modified":"2023-09-17T13:56:53","modified_gmt":"2023-09-17T11:56:53","slug":"bft-shyra-cpem","status":"publish","type":"product","link":"https:\/\/monbip.fr\/de\/produkt\/schaltschraenke-de\/bft-shyra-cpem\/","title":{"rendered":"BFT SHYRA CPEM"},"content":{"rendered":"<p>Alimentation de la carte : 230 V monophas\u00e9<br \/>\nPuissance op\u00e9rateur : 230V monophas\u00e9 500W maximum<br \/>\nCaract\u00e9ristiques principales : r\u00e9glable via potentiom\u00e8tres, LED, d\u00e9tection de d\u00e9fauts par deux canaux de r\u00e9ception et deux entr\u00e9es de s\u00e9curit\u00e9 v\u00e9rifi\u00e9es comme bandes de s\u00e9curit\u00e9 8k2.<br \/>\nCaract\u00e9ristiques principales : d\u00e9gagement rapide, pied, espion de porte ouverte<\/p>\n","protected":false},"excerpt":{"rendered":"<p>Armoire de commande pour portes coulissantes, portes battantes, volets roulants et portes de garage SHYRA CPEM.<\/p>\n","protected":false},"featured_media":9369,"template":"","meta":[],"product_brand":[],"product_cat":[200],"product_tag":[],"class_list":{"0":"post-9368","1":"product","2":"type-product","3":"status-publish","4":"has-post-thumbnail","6":"product_cat-armoires-de-commande","8":"first","9":"instock","10":"sale","11":"taxable","12":"shipping-taxable","13":"purchasable","14":"product-type-simple"},"_links":{"self":[{"href":"https:\/\/monbip.fr\/de\/wp-json\/wp\/v2\/product\/9368","targetHints":{"allow":["GET"]}}],"collection":[{"href":"https:\/\/monbip.fr\/de\/wp-json\/wp\/v2\/product"}],"about":[{"href":"https:\/\/monbip.fr\/de\/wp-json\/wp\/v2\/types\/product"}],"wp:featuredmedia":[{"embeddable":true,"href":"https:\/\/monbip.fr\/de\/wp-json\/wp\/v2\/media\/9369"}],"wp:attachment":[{"href":"https:\/\/monbip.fr\/de\/wp-json\/wp\/v2\/media?parent=9368"}],"wp:term":[{"taxonomy":"product_brand","embeddable":true,"href":"https:\/\/monbip.fr\/de\/wp-json\/wp\/v2\/product_brand?post=9368"},{"taxonomy":"product_cat","embeddable":true,"href":"https:\/\/monbip.fr\/de\/wp-json\/wp\/v2\/product_cat?post=9368"},{"taxonomy":"product_tag","embeddable":true,"href":"https:\/\/monbip.fr\/de\/wp-json\/wp\/v2\/product_tag?post=9368"}],"curies":[{"name":"wp","href":"https:\/\/api.w.org\/{rel}","templated":true}]}}