{"id":9371,"date":"2023-09-17T14:02:37","date_gmt":"2023-09-17T12:02:37","guid":{"rendered":"https:\/\/monbip.fr\/?post_type=product&#038;p=9371"},"modified":"2025-07-21T13:51:43","modified_gmt":"2025-07-21T11:51:43","slug":"bft-thalia-light-btl2","status":"publish","type":"product","link":"https:\/\/monbip.fr\/de\/produkt\/schaltschraenke-de\/bft-thalia-light-btl2\/","title":{"rendered":"BFT THALIA LIGHT BTL2"},"content":{"rendered":"<p>Armoire de commande pour portes pliantes THALIA P BTL2 pour un ou deux moteurs 24 V.<\/p>\n<p>Application : tableau de commande pour un ou deux op\u00e9rateurs 24 V pour portails battants.<br \/>\nAlimentation de la carte : 230 V monophas\u00e9.<br \/>\nAlimentation op\u00e9rateur : 24 Vdc 240 W max. chaque op\u00e9rateur.<br \/>\nCaract\u00e9ristiques principales : bandes de connexion amovibles avec nouvelle norme de couleur, programmation de sc\u00e9narios via \u00e9cran et r\u00e9cepteur \u00e0 deux canaux int\u00e9gr\u00e9 pour jusqu&#8217;\u00e0 63 commandes, commande anti-\u00e9crasement bas\u00e9e sur le syst\u00e8me D-Track, d\u00e9c\u00e9l\u00e9ration en phase d&#8217;ouverture et de fermeture et \u00e9lectronique auto-apprentissage.<br \/>\nFonctions principales : fermeture automatique, fermeture rapide, ouverture partielle, fonctionnement homme mort.<\/p>\n","protected":false},"excerpt":{"rendered":"<p>BFT THALIA P BTL2 pour portes battantes pour un ou deux moteurs 24 V. D\u00e9part usine avec configuration standard. Il peut \u00eatre programm\u00e9 avec un \u00e9cran LCD int\u00e9gr\u00e9.<\/p>\n","protected":false},"featured_media":9372,"template":"","meta":[],"product_brand":[],"product_cat":[200],"product_tag":[],"class_list":{"0":"post-9371","1":"product","2":"type-product","3":"status-publish","4":"has-post-thumbnail","6":"product_cat-armoires-de-commande","8":"first","9":"instock","10":"sale","11":"taxable","12":"shipping-taxable","13":"purchasable","14":"product-type-simple"},"_links":{"self":[{"href":"https:\/\/monbip.fr\/de\/wp-json\/wp\/v2\/product\/9371","targetHints":{"allow":["GET"]}}],"collection":[{"href":"https:\/\/monbip.fr\/de\/wp-json\/wp\/v2\/product"}],"about":[{"href":"https:\/\/monbip.fr\/de\/wp-json\/wp\/v2\/types\/product"}],"wp:featuredmedia":[{"embeddable":true,"href":"https:\/\/monbip.fr\/de\/wp-json\/wp\/v2\/media\/9372"}],"wp:attachment":[{"href":"https:\/\/monbip.fr\/de\/wp-json\/wp\/v2\/media?parent=9371"}],"wp:term":[{"taxonomy":"product_brand","embeddable":true,"href":"https:\/\/monbip.fr\/de\/wp-json\/wp\/v2\/product_brand?post=9371"},{"taxonomy":"product_cat","embeddable":true,"href":"https:\/\/monbip.fr\/de\/wp-json\/wp\/v2\/product_cat?post=9371"},{"taxonomy":"product_tag","embeddable":true,"href":"https:\/\/monbip.fr\/de\/wp-json\/wp\/v2\/product_tag?post=9371"}],"curies":[{"name":"wp","href":"https:\/\/api.w.org\/{rel}","templated":true}]}}