{"id":9389,"date":"2023-09-17T19:39:57","date_gmt":"2023-09-17T17:39:57","guid":{"rendered":"https:\/\/monbip.fr\/?post_type=product&#038;p=9389"},"modified":"2023-09-17T19:43:58","modified_gmt":"2023-09-17T17:43:58","slug":"roger-kit-brushless-br20-400","status":"publish","type":"product","link":"https:\/\/monbip.fr\/de\/produkt\/tor-oder-garagenmotor-kit-de\/roger-kit-brushless-br20-400\/","title":{"rendered":"ROGER Kit Brushless BR20\/400"},"content":{"rendered":"<p>ROGER Kit Brushless BR20\/400<\/p>\n<p>Caract\u00e9ristiques:<br \/>\nType d&#8217;actionneur : Irr\u00e9versible<br \/>\nAlimentation : 24-36 V<br \/>\nPuissance nominale : 240 W<br \/>\nForce de pouss\u00e9e : 100 \u00e0 2800 N<br \/>\nVitesse de man\u0153uvre\u00a0: 1-1,66 cm\/s&lt;<br \/>\nTemps d&#8217;ouverture \u00e0 90\u00ba\u00a0: 27 \u2013 42 secondes<br \/>\nPoids maximum de la lame : 400 kg<br \/>\nCourse\u00a0: 520\u00a0mm<br \/>\nCycles de man\u0153uvres maximum par jour\u00a0: 1000<br \/>\nProtection : IP 43<br \/>\nTemp\u00e9rature de fonctionnement : -20 +55 \u00baC<br \/>\nFin de course : s\u00e9curit\u00e9 m\u00e9canique en ouverture et fermeture.<br \/>\nDimensions : 858,5 x 165 x 120 mm<\/p>\n","protected":false},"excerpt":{"rendered":"<p>ROGER Brushless BR20\/400 pour portes battantes jusqu&#8217;\u00e0 5 m\u00e8tres est id\u00e9al pour une utilisation dans des installations basse tension \u00e0 usage tr\u00e8s intensif afin de pouvoir fonctionner toute la journ\u00e9e sans s&#8217;arr\u00eater. Pr\u00e9par\u00e9 pour supporter un portail jusqu&#8217;\u00e0 400 kg. Il dispose d&#8217;un encodeur natif pour le syst\u00e8me de d\u00e9tection d&#8217;obstacles. Il dispose d&#8217;un fin de course m\u00e9canique r\u00e9glable et est irr\u00e9versible.<\/p>\n","protected":false},"featured_media":9390,"template":"","meta":[],"product_brand":[],"product_cat":[208],"product_tag":[],"class_list":{"0":"post-9389","1":"product","2":"type-product","3":"status-publish","4":"has-post-thumbnail","6":"product_cat-kit-moteur-portail-ou-garage","8":"first","9":"instock","10":"sale","11":"taxable","12":"shipping-taxable","13":"purchasable","14":"product-type-simple"},"_links":{"self":[{"href":"https:\/\/monbip.fr\/de\/wp-json\/wp\/v2\/product\/9389","targetHints":{"allow":["GET"]}}],"collection":[{"href":"https:\/\/monbip.fr\/de\/wp-json\/wp\/v2\/product"}],"about":[{"href":"https:\/\/monbip.fr\/de\/wp-json\/wp\/v2\/types\/product"}],"wp:featuredmedia":[{"embeddable":true,"href":"https:\/\/monbip.fr\/de\/wp-json\/wp\/v2\/media\/9390"}],"wp:attachment":[{"href":"https:\/\/monbip.fr\/de\/wp-json\/wp\/v2\/media?parent=9389"}],"wp:term":[{"taxonomy":"product_brand","embeddable":true,"href":"https:\/\/monbip.fr\/de\/wp-json\/wp\/v2\/product_brand?post=9389"},{"taxonomy":"product_cat","embeddable":true,"href":"https:\/\/monbip.fr\/de\/wp-json\/wp\/v2\/product_cat?post=9389"},{"taxonomy":"product_tag","embeddable":true,"href":"https:\/\/monbip.fr\/de\/wp-json\/wp\/v2\/product_tag?post=9389"}],"curies":[{"name":"wp","href":"https:\/\/api.w.org\/{rel}","templated":true}]}}