{"id":9396,"date":"2023-09-17T20:06:07","date_gmt":"2023-09-17T18:06:07","guid":{"rendered":"https:\/\/monbip.fr\/?post_type=product&#038;p=9396"},"modified":"2023-09-17T20:07:37","modified_gmt":"2023-09-17T18:07:37","slug":"roger-kit-moteur-smarty-5-brushless","status":"publish","type":"product","link":"https:\/\/monbip.fr\/de\/produkt\/tor-oder-garagenmotor-kit-de\/roger-kit-moteur-smarty-5-brushless\/","title":{"rendered":"ROGER kit moteur SMARTY 5 Brushless"},"content":{"rendered":"<p>ROGER kit moteur SMARTY 5 Brushless<\/p>\n<p>Caract\u00e9ristiques:<br \/>\nAlimentation : 36 V<br \/>\nPuissance nominale : 200W<br \/>\nForce de pouss\u00e9e : 600 \u00e0 5000 N<br \/>\nVitesse de man\u0153uvre\u00a0: 1,66-1 cm\/s&lt;<br \/>\nTemps d&#8217;ouverture \u00e0 90\u00ba\u00a0: 25 \u2013 40 secondes<br \/>\nCourse\u00a0:\u00a0maximum 370\u00a0mm<br \/>\nCycles de man\u0153uvres maximum par jour\u00a0: 1000<br \/>\nProtection : IP 44<br \/>\nTemp\u00e9rature de fonctionnement : -20 +55 \u00baC<br \/>\nD\u00e9verrouillage : levier avec cylindre \u00e0 cl\u00e9.<br \/>\nFin de course : s\u00e9curit\u00e9 m\u00e9canique en ouverture et fermeture<br \/>\nDimensions : 1162 x 116 x 165 mm<\/p>\n","protected":false},"excerpt":{"rendered":"<p>ROGER SMARTY 5 Brushless avec blockage pour portes battantes avec des lames jusqu\u2019\u00e0 5 m\u00e8tres chacune est id\u00e9al pour une utilisation dans des installations super intensive \u00e0 basse tension de sorte qu\u2019il peut fonctionner toute la journ\u00e9e sans s\u2019arr\u00eater. Moteur \u00e9lectrom\u00e9canique sans balai adapt\u00e9 pour \u00eatre install\u00e9 dans les communaut\u00e9s de propri\u00e9taires.<\/p>\n","protected":false},"featured_media":9397,"template":"","meta":[],"product_brand":[],"product_cat":[208],"product_tag":[],"class_list":{"0":"post-9396","1":"product","2":"type-product","3":"status-publish","4":"has-post-thumbnail","6":"product_cat-kit-moteur-portail-ou-garage","8":"first","9":"instock","10":"sale","11":"taxable","12":"shipping-taxable","13":"purchasable","14":"product-type-simple"},"_links":{"self":[{"href":"https:\/\/monbip.fr\/de\/wp-json\/wp\/v2\/product\/9396","targetHints":{"allow":["GET"]}}],"collection":[{"href":"https:\/\/monbip.fr\/de\/wp-json\/wp\/v2\/product"}],"about":[{"href":"https:\/\/monbip.fr\/de\/wp-json\/wp\/v2\/types\/product"}],"wp:featuredmedia":[{"embeddable":true,"href":"https:\/\/monbip.fr\/de\/wp-json\/wp\/v2\/media\/9397"}],"wp:attachment":[{"href":"https:\/\/monbip.fr\/de\/wp-json\/wp\/v2\/media?parent=9396"}],"wp:term":[{"taxonomy":"product_brand","embeddable":true,"href":"https:\/\/monbip.fr\/de\/wp-json\/wp\/v2\/product_brand?post=9396"},{"taxonomy":"product_cat","embeddable":true,"href":"https:\/\/monbip.fr\/de\/wp-json\/wp\/v2\/product_cat?post=9396"},{"taxonomy":"product_tag","embeddable":true,"href":"https:\/\/monbip.fr\/de\/wp-json\/wp\/v2\/product_tag?post=9396"}],"curies":[{"name":"wp","href":"https:\/\/api.w.org\/{rel}","templated":true}]}}