{"id":9405,"date":"2023-09-17T20:30:16","date_gmt":"2023-09-17T18:30:16","guid":{"rendered":"https:\/\/monbip.fr\/?post_type=product&#038;p=9405"},"modified":"2023-09-17T21:17:56","modified_gmt":"2023-09-17T19:17:56","slug":"commutateur-wifi-pour-portes-de-garage","status":"publish","type":"product","link":"https:\/\/monbip.fr\/de\/produkt\/automatisierung-de\/commutateur-wifi-pour-portes-de-garage\/","title":{"rendered":"Commutateur Wifi pour portes de garage"},"content":{"rendered":"<p>Commutateur Wifi pour portes de garage<\/p>\n<p>Ce capteur de porte automatique wifi est tr\u00e8s simple \u00e0 installer et \u00e0 programmer. Sans avoir besoin de faire appel \u00e0 un professionnel, vous pouvez l&#8217;installer vous-m\u00eame car il est Plug and Play. Connectez simplement le smart switch \u00e0 votre r\u00e9seau Wifi et suivez les instructions jointes au produit.<br \/>\nCompatible avec la plupart des \u00e9metteurs de porte de garage<br \/>\nSi vous disposez d&#8217;appareils de commande vocale dans votre voiture, vous pouvez ouvrir la porte avec des commandes vocales lorsque vous vous approchez de la porte. Il dispose m\u00eame d&#8217;une fonction minuterie pour que vous puissiez programmer des heures d&#8217;ouverture ou de fermeture de la porte ou un compte \u00e0 rebours r\u00e9glant le temps qu&#8217;il faudra pour r\u00e9pondre \u00e0 l&#8217;ordre d&#8217;ouverture ou de fermeture que vous indiquez.<br \/>\nEt si cela ne suffisait pas, vous pouvez autoriser plusieurs personnes \u00e0 acc\u00e9der \u00e0 votre garage en configurant et en accordant des autorisations \u00e0 chaque utilisateur.<\/p>\n","protected":false},"excerpt":{"rendered":"<p>Vous pourrez ouvrir ou fermer votre porte de garage automatique plus facilement. Il s&#8217;agit d&#8217;un contr\u00f4leur intelligent compatible avec les appareils de commande vocale Alexa, Echo et Google Home avec lequel vous pouvez commander votre porte \u00e0 l&#8217;aide de l&#8217;application mobile Tuya ou Smart Life (disponible sur IOS et Android). Depuis votre propre t\u00e9l\u00e9phone mobile, vous pouvez voir en temps r\u00e9el si la porte est ouverte ou ferm\u00e9e.<\/p>\n","protected":false},"featured_media":9408,"template":"","meta":[],"product_brand":[],"product_cat":[211],"product_tag":[],"class_list":{"0":"post-9405","1":"product","2":"type-product","3":"status-publish","4":"has-post-thumbnail","6":"product_cat-domotique","8":"first","9":"instock","10":"sale","11":"taxable","12":"shipping-taxable","13":"purchasable","14":"product-type-simple"},"_links":{"self":[{"href":"https:\/\/monbip.fr\/de\/wp-json\/wp\/v2\/product\/9405","targetHints":{"allow":["GET"]}}],"collection":[{"href":"https:\/\/monbip.fr\/de\/wp-json\/wp\/v2\/product"}],"about":[{"href":"https:\/\/monbip.fr\/de\/wp-json\/wp\/v2\/types\/product"}],"wp:featuredmedia":[{"embeddable":true,"href":"https:\/\/monbip.fr\/de\/wp-json\/wp\/v2\/media\/9408"}],"wp:attachment":[{"href":"https:\/\/monbip.fr\/de\/wp-json\/wp\/v2\/media?parent=9405"}],"wp:term":[{"taxonomy":"product_brand","embeddable":true,"href":"https:\/\/monbip.fr\/de\/wp-json\/wp\/v2\/product_brand?post=9405"},{"taxonomy":"product_cat","embeddable":true,"href":"https:\/\/monbip.fr\/de\/wp-json\/wp\/v2\/product_cat?post=9405"},{"taxonomy":"product_tag","embeddable":true,"href":"https:\/\/monbip.fr\/de\/wp-json\/wp\/v2\/product_tag?post=9405"}],"curies":[{"name":"wp","href":"https:\/\/api.w.org\/{rel}","templated":true}]}}