{"id":9443,"date":"2023-09-17T22:47:16","date_gmt":"2023-09-17T20:47:16","guid":{"rendered":"https:\/\/monbip.fr\/?post_type=product&#038;p=9443"},"modified":"2023-09-17T22:47:16","modified_gmt":"2023-09-17T20:47:16","slug":"came-zl56","status":"publish","type":"product","link":"https:\/\/monbip.fr\/de\/produkt\/schaltschraenke-de\/came-zl56\/","title":{"rendered":"CAME ZL56"},"content":{"rendered":"<p>CAME ZL56<\/p>\n<p>S\u00e9curit\u00e9 maximale dans l\u2019\u00e9lectronique du moteur, la plaque ZL56 dispose d\u2019un d\u00e9tecteur d\u2019obstacles agissant en arr\u00eatant ou en inversant le mouvement de la porte en cas de rencontre avec un obstacle pendant le parcours.<\/p>\n<p>pouvant r\u00e9parer le moteur \u00e0 bon march\u00e9 et au meilleur prix.<\/p>\n","protected":false},"excerpt":{"rendered":"<p>CAME ZL56 carte \u00e9lectronique moteur garage V900E 24 V bo\u00eete de man\u0153uvre int\u00e9gr\u00e9e dans les moteurs de toit sur les portes de garage sectionnelles et basculantes comme pi\u00e8ces de rechange de la marque pour les pi\u00e8ces de rechange de l\u2019ancienne pi\u00e8ce en cas de panne.<\/p>\n","protected":false},"featured_media":9444,"template":"","meta":[],"product_brand":[],"product_cat":[200],"product_tag":[],"class_list":{"0":"post-9443","1":"product","2":"type-product","3":"status-publish","4":"has-post-thumbnail","6":"product_cat-armoires-de-commande","8":"first","9":"instock","10":"sale","11":"taxable","12":"shipping-taxable","13":"purchasable","14":"product-type-simple"},"_links":{"self":[{"href":"https:\/\/monbip.fr\/de\/wp-json\/wp\/v2\/product\/9443","targetHints":{"allow":["GET"]}}],"collection":[{"href":"https:\/\/monbip.fr\/de\/wp-json\/wp\/v2\/product"}],"about":[{"href":"https:\/\/monbip.fr\/de\/wp-json\/wp\/v2\/types\/product"}],"wp:featuredmedia":[{"embeddable":true,"href":"https:\/\/monbip.fr\/de\/wp-json\/wp\/v2\/media\/9444"}],"wp:attachment":[{"href":"https:\/\/monbip.fr\/de\/wp-json\/wp\/v2\/media?parent=9443"}],"wp:term":[{"taxonomy":"product_brand","embeddable":true,"href":"https:\/\/monbip.fr\/de\/wp-json\/wp\/v2\/product_brand?post=9443"},{"taxonomy":"product_cat","embeddable":true,"href":"https:\/\/monbip.fr\/de\/wp-json\/wp\/v2\/product_cat?post=9443"},{"taxonomy":"product_tag","embeddable":true,"href":"https:\/\/monbip.fr\/de\/wp-json\/wp\/v2\/product_tag?post=9443"}],"curies":[{"name":"wp","href":"https:\/\/api.w.org\/{rel}","templated":true}]}}