{"id":9446,"date":"2023-09-17T22:55:15","date_gmt":"2023-09-17T20:55:15","guid":{"rendered":"https:\/\/monbip.fr\/?post_type=product&#038;p=9446"},"modified":"2023-09-17T22:55:15","modified_gmt":"2023-09-17T20:55:15","slug":"raccord-chaine-nice-spider","status":"publish","type":"product","link":"https:\/\/monbip.fr\/de\/produkt\/ersatzteile\/raccord-chaine-nice-spider\/","title":{"rendered":"Raccord cha\u00eene NICE SPIDER"},"content":{"rendered":"<p>Raccord cha\u00eene NICE SPIDER<\/p>\n<p>Ce composant est g\u00e9n\u00e9ralement l\u2019une des pi\u00e8ces de rechange les plus remplac\u00e9es avec l\u2019utilisation des ann\u00e9es en raison de la force exerc\u00e9e qui supporte l\u2019\u00e9pissage de la cha\u00eene, \u00e9tant facile \u00e0 remplacer et \u00e0 un prix \u00e9conomique pour un fonctionnement optimal de votre moteur.<\/p>\n<p>&nbsp;<\/p>\n","protected":false},"excerpt":{"rendered":"<p>Raccord cha\u00eene NICE SPIDER\u00a0 comme pi\u00e8ce de rechange originale du moteur de toit pour les portes de garage sectionnelles et basculantes comme pi\u00e8ce de rechange de l\u2019\u00e9pissure de jonction de la cha\u00eene de guidage. Compatible avec les mod\u00e8les NICE SP6065, SP6000 et SP6100.<\/p>\n","protected":false},"featured_media":9449,"template":"","meta":[],"product_brand":[],"product_cat":[204],"product_tag":[],"class_list":{"0":"post-9446","1":"product","2":"type-product","3":"status-publish","4":"has-post-thumbnail","6":"product_cat-pieces-detachees","8":"first","9":"instock","10":"sale","11":"taxable","12":"shipping-taxable","13":"purchasable","14":"product-type-simple"},"_links":{"self":[{"href":"https:\/\/monbip.fr\/de\/wp-json\/wp\/v2\/product\/9446","targetHints":{"allow":["GET"]}}],"collection":[{"href":"https:\/\/monbip.fr\/de\/wp-json\/wp\/v2\/product"}],"about":[{"href":"https:\/\/monbip.fr\/de\/wp-json\/wp\/v2\/types\/product"}],"wp:featuredmedia":[{"embeddable":true,"href":"https:\/\/monbip.fr\/de\/wp-json\/wp\/v2\/media\/9449"}],"wp:attachment":[{"href":"https:\/\/monbip.fr\/de\/wp-json\/wp\/v2\/media?parent=9446"}],"wp:term":[{"taxonomy":"product_brand","embeddable":true,"href":"https:\/\/monbip.fr\/de\/wp-json\/wp\/v2\/product_brand?post=9446"},{"taxonomy":"product_cat","embeddable":true,"href":"https:\/\/monbip.fr\/de\/wp-json\/wp\/v2\/product_cat?post=9446"},{"taxonomy":"product_tag","embeddable":true,"href":"https:\/\/monbip.fr\/de\/wp-json\/wp\/v2\/product_tag?post=9446"}],"curies":[{"name":"wp","href":"https:\/\/api.w.org\/{rel}","templated":true}]}}