{"id":9470,"date":"2023-10-02T18:16:51","date_gmt":"2023-10-02T16:16:51","guid":{"rendered":"https:\/\/monbip.fr\/?post_type=product&#038;p=9470"},"modified":"2024-04-29T17:05:31","modified_gmt":"2024-04-29T15:05:31","slug":"armoire-de-commande-marantec-cs320","status":"publish","type":"product","link":"https:\/\/monbip.fr\/de\/produkt\/schaltschraenke-de\/armoire-de-commande-marantec-cs320\/","title":{"rendered":"Marantec MFZ OVITOR CS320"},"content":{"rendered":"<h3><span style=\"font-size: 16px;\">Caract\u00e9ristiques principales de notre op\u00e9rateur CS 320<\/span><\/h3>\n<div class=\"row\">\n<div class=\"col-md-6\">\n<ul>\n<li>Interface int\u00e9gr\u00e9e pour convertisseur de fr\u00e9quences<\/li>\n<li>Entr\u00e9e s\u00e9curis\u00e9e int\u00e9gr\u00e9e<\/li>\n<li>Journal des erreurs int\u00e9gr\u00e9<\/li>\n<li>Modes de fonctionnement : homme mort, auto-maintien via des accessoires en option<\/li>\n<li>Pour op\u00e9rateurs avec fins de course m\u00e9caniques (MEC) ou fins de course \u00e9lectroniques (AWG)<\/li>\n<\/ul>\n<\/div>\n<div class=\"col-md-6\">\n<ul>\n<li>C\u00e2bles enfichables et connexions enfichables pour \u00e9l\u00e9ments de s\u00e9curit\u00e9 et appareils de commande<\/li>\n<li>Quatre sorties relais et deux entr\u00e9es programmables<\/li>\n<li>Interface MS-Bus int\u00e9gr\u00e9e pour le raccordement de modules d\u2019extension<\/li>\n<\/ul>\n<ul>\n<li>Modes de fonctionnement: Pression automatique\/ Constante pour la fermeture<\/li>\n<li>Minuterie de fermeture: Oui<\/li>\n<li>Ouverture partielle: Oui<\/li>\n<li>Contact relais programmable: 4 x<\/li>\n<li>Evacuation de la fum\u00e9e: Non<\/li>\n<li>Verrouill\u00e9: Non<\/li>\n<li>Fonction radio: en option<\/li>\n<li>Entr\u00e9es de capteur: OSE, 8k2, DW, Cellule photo\u00e9lectrique<\/li>\n<\/ul>\n<\/div>\n<\/div>\n","protected":false},"excerpt":{"rendered":"<div>Coffret CS320 dans boitier PVC standard 3 boutons \u00e9cran LCD inclus<\/div>\n<p>&#8211; Compatible avec la gamme d&#8217;accessoires existante pour le CS 310<\/p>\n<ul>\n<li>Tension d\u00b4alimentation: 1~230\/ 3~230<\/li>\n<li>R\u00e9f\u00e9rence MARANTEC:185740<\/li>\n<\/ul>\n","protected":false},"featured_media":9471,"template":"","meta":[],"product_brand":[],"product_cat":[200],"product_tag":[],"class_list":{"0":"post-9470","1":"product","2":"type-product","3":"status-publish","4":"has-post-thumbnail","6":"product_cat-armoires-de-commande","8":"first","9":"instock","10":"sale","11":"featured","12":"taxable","13":"shipping-taxable","14":"purchasable","15":"product-type-simple"},"_links":{"self":[{"href":"https:\/\/monbip.fr\/de\/wp-json\/wp\/v2\/product\/9470","targetHints":{"allow":["GET"]}}],"collection":[{"href":"https:\/\/monbip.fr\/de\/wp-json\/wp\/v2\/product"}],"about":[{"href":"https:\/\/monbip.fr\/de\/wp-json\/wp\/v2\/types\/product"}],"wp:featuredmedia":[{"embeddable":true,"href":"https:\/\/monbip.fr\/de\/wp-json\/wp\/v2\/media\/9471"}],"wp:attachment":[{"href":"https:\/\/monbip.fr\/de\/wp-json\/wp\/v2\/media?parent=9470"}],"wp:term":[{"taxonomy":"product_brand","embeddable":true,"href":"https:\/\/monbip.fr\/de\/wp-json\/wp\/v2\/product_brand?post=9470"},{"taxonomy":"product_cat","embeddable":true,"href":"https:\/\/monbip.fr\/de\/wp-json\/wp\/v2\/product_cat?post=9470"},{"taxonomy":"product_tag","embeddable":true,"href":"https:\/\/monbip.fr\/de\/wp-json\/wp\/v2\/product_tag?post=9470"}],"curies":[{"name":"wp","href":"https:\/\/api.w.org\/{rel}","templated":true}]}}