{"id":9488,"date":"2023-10-17T17:20:16","date_gmt":"2023-10-17T15:20:16","guid":{"rendered":"https:\/\/monbip.fr\/?post_type=product&#038;p=9488"},"modified":"2023-10-17T17:40:54","modified_gmt":"2023-10-17T15:40:54","slug":"cle-magnetique-clemsa-lk10-avec-6-aimants","status":"publish","type":"product","link":"https:\/\/monbip.fr\/de\/produkt\/zubehoer-de\/cle-magnetique-clemsa-lk10-avec-6-aimants\/","title":{"rendered":"Cl\u00e9 magn\u00e9tique Clemsa LK10 avec 6 aimants"},"content":{"rendered":"<p>Les serrures magn\u00e9tiques compatibles avec les cl\u00e9s LK10 sont les suivantes :<br \/>\nClemsa &#8220;CK20&#8221;<br \/>\nCelinsa &#8220;CM-1&#8221;<\/p>\n<p>Cl\u00e9 magn\u00e9tique Clemsa LK10 avec 6 aimants pour ouvrir les serrures magn\u00e9tiques.<\/p>\n","protected":false},"excerpt":{"rendered":"<p>Les cl\u00e9s magn\u00e9tiques sont divis\u00e9es en trois types, celles avec le rail central, qui sont les plus courantes, et celles avec le rail gauche et droit.<\/p>\n","protected":false},"featured_media":9491,"template":"","meta":[],"product_brand":[],"product_cat":[205],"product_tag":[],"class_list":{"0":"post-9488","1":"product","2":"type-product","3":"status-publish","4":"has-post-thumbnail","6":"product_cat-accessoires","8":"first","9":"instock","10":"taxable","11":"shipping-taxable","12":"product-type-simple"},"_links":{"self":[{"href":"https:\/\/monbip.fr\/de\/wp-json\/wp\/v2\/product\/9488","targetHints":{"allow":["GET"]}}],"collection":[{"href":"https:\/\/monbip.fr\/de\/wp-json\/wp\/v2\/product"}],"about":[{"href":"https:\/\/monbip.fr\/de\/wp-json\/wp\/v2\/types\/product"}],"wp:featuredmedia":[{"embeddable":true,"href":"https:\/\/monbip.fr\/de\/wp-json\/wp\/v2\/media\/9491"}],"wp:attachment":[{"href":"https:\/\/monbip.fr\/de\/wp-json\/wp\/v2\/media?parent=9488"}],"wp:term":[{"taxonomy":"product_brand","embeddable":true,"href":"https:\/\/monbip.fr\/de\/wp-json\/wp\/v2\/product_brand?post=9488"},{"taxonomy":"product_cat","embeddable":true,"href":"https:\/\/monbip.fr\/de\/wp-json\/wp\/v2\/product_cat?post=9488"},{"taxonomy":"product_tag","embeddable":true,"href":"https:\/\/monbip.fr\/de\/wp-json\/wp\/v2\/product_tag?post=9488"}],"curies":[{"name":"wp","href":"https:\/\/api.w.org\/{rel}","templated":true}]}}