{"id":9560,"date":"2023-12-17T22:39:53","date_gmt":"2023-12-17T20:39:53","guid":{"rendered":"https:\/\/monbip.fr\/?post_type=product&#038;p=9560"},"modified":"2023-12-17T22:39:53","modified_gmt":"2023-12-17T20:39:53","slug":"nice-mc200","status":"publish","type":"product","link":"https:\/\/monbip.fr\/de\/produkt\/schaltschraenke-de\/nice-mc200\/","title":{"rendered":"NICE MC200"},"content":{"rendered":"<p>Il est programm\u00e9 en configurant 8 microswitchs\u00a0;<br \/>\nIl est \u00e9quip\u00e9 d&#8217;un r\u00e9cepteur radio int\u00e9gr\u00e9 qui permet de contr\u00f4ler l&#8217;automatisme \u00e0 l&#8217;aide d&#8217;un \u00e9metteur radio ;<br \/>\nIl est possible de connecter diff\u00e9rents accessoires au tableau de commande : une paire de photocellules, un clignotant (avec alimentation secteur) pour la signalisation lumineuse, une cl\u00e9 murale pour contr\u00f4ler l&#8217;automatisme avec des commandes de type \u00ab pas \u00e0 pas \u00bb, une antenne radio externe, une bande sensible, etc.<br \/>\nIl est \u00e9quip\u00e9 d&#8217;un connecteur de type \u00ab IBT4N \u00bb, compatible avec l&#8217;interface IBT4N, qui permet de connecter tous les appareils \u00e9quip\u00e9s d&#8217;une interface BusT4, comme l&#8217;unit\u00e9 de programmation Oview.<\/p>\n","protected":false},"excerpt":{"rendered":"<p>MC200 est une centrale \u00e9lectronique qui permet le contr\u00f4le et la commande d&#8217;un moteur destin\u00e9 \u00e0 l&#8217;automatisation d&#8217;un store, ou d&#8217;une porte basculante, ou d&#8217;une porte sectionnelle, ou d&#8217;un store enrouleur, ou d&#8217;autres applications similaires.<\/p>\n<p>Compatible avec le module IT4WIFI pour pouvoir ouvrir et fermer via un appareil mobile (Android ou iOS) gr\u00e2ce \u00e0 la connectivit\u00e9 WiFi qu&#8217;ils int\u00e8grent.<\/p>\n","protected":false},"featured_media":9561,"template":"","meta":[],"product_brand":[],"product_cat":[200],"product_tag":[],"class_list":{"0":"post-9560","1":"product","2":"type-product","3":"status-publish","4":"has-post-thumbnail","6":"product_cat-armoires-de-commande","8":"first","9":"instock","10":"sale","11":"taxable","12":"shipping-taxable","13":"purchasable","14":"product-type-simple"},"_links":{"self":[{"href":"https:\/\/monbip.fr\/de\/wp-json\/wp\/v2\/product\/9560","targetHints":{"allow":["GET"]}}],"collection":[{"href":"https:\/\/monbip.fr\/de\/wp-json\/wp\/v2\/product"}],"about":[{"href":"https:\/\/monbip.fr\/de\/wp-json\/wp\/v2\/types\/product"}],"wp:featuredmedia":[{"embeddable":true,"href":"https:\/\/monbip.fr\/de\/wp-json\/wp\/v2\/media\/9561"}],"wp:attachment":[{"href":"https:\/\/monbip.fr\/de\/wp-json\/wp\/v2\/media?parent=9560"}],"wp:term":[{"taxonomy":"product_brand","embeddable":true,"href":"https:\/\/monbip.fr\/de\/wp-json\/wp\/v2\/product_brand?post=9560"},{"taxonomy":"product_cat","embeddable":true,"href":"https:\/\/monbip.fr\/de\/wp-json\/wp\/v2\/product_cat?post=9560"},{"taxonomy":"product_tag","embeddable":true,"href":"https:\/\/monbip.fr\/de\/wp-json\/wp\/v2\/product_tag?post=9560"}],"curies":[{"name":"wp","href":"https:\/\/api.w.org\/{rel}","templated":true}]}}