{"id":9565,"date":"2023-12-17T22:51:33","date_gmt":"2023-12-17T20:51:33","guid":{"rendered":"https:\/\/monbip.fr\/?post_type=product&#038;p=9565"},"modified":"2023-12-17T22:51:33","modified_gmt":"2023-12-17T20:51:33","slug":"nice-rba4-a","status":"publish","type":"product","link":"https:\/\/monbip.fr\/de\/produkt\/schaltschraenke-de\/nice-rba4-a\/","title":{"rendered":"Nice RBA4\/A"},"content":{"rendered":"<p>COMPATIBILIT\u00c9S<br \/>\nLes panneaux RBA4\/A et RBA4 sont enti\u00e8rement compatibles, ils pr\u00e9sentent quelques petites diff\u00e9rences :<\/p>\n<p>RBA4\/A<br \/>\n&#8211; L&#8217;alimentation des accessoires est de 24 Vdc<\/p>\n<p>&#8211; Vous avez la possibilit\u00e9 de connecter une batterie de secours PS124<\/p>\n<p>RBA4<br \/>\n&#8211; L&#8217;alimentation des accessoires est de 24 V CA<\/p>\n<p>&#8211; VOUS N&#8217;AVEZ PAS LA POSSIBILIT\u00c9 de connecter une batterie de secours PS124<\/p>\n<p>Important : La centrale RBA4R10 n&#8217;est pas compatible.<br \/>\n\u200b<\/p>\n","protected":false},"excerpt":{"rendered":"<p>NICE RBA\/A pour moteur coulissant ROAD400 avec r\u00e9cepteur int\u00e9gr\u00e9 compatible avec les \u00e9metteurs FLO et SMILO<\/p>\n<p>(Ancien mod\u00e8le).<\/p>\n","protected":false},"featured_media":9566,"template":"","meta":[],"product_brand":[],"product_cat":[200],"product_tag":[],"class_list":{"0":"post-9565","1":"product","2":"type-product","3":"status-publish","4":"has-post-thumbnail","6":"product_cat-armoires-de-commande","8":"first","9":"instock","10":"sale","11":"taxable","12":"shipping-taxable","13":"purchasable","14":"product-type-simple"},"_links":{"self":[{"href":"https:\/\/monbip.fr\/de\/wp-json\/wp\/v2\/product\/9565","targetHints":{"allow":["GET"]}}],"collection":[{"href":"https:\/\/monbip.fr\/de\/wp-json\/wp\/v2\/product"}],"about":[{"href":"https:\/\/monbip.fr\/de\/wp-json\/wp\/v2\/types\/product"}],"wp:featuredmedia":[{"embeddable":true,"href":"https:\/\/monbip.fr\/de\/wp-json\/wp\/v2\/media\/9566"}],"wp:attachment":[{"href":"https:\/\/monbip.fr\/de\/wp-json\/wp\/v2\/media?parent=9565"}],"wp:term":[{"taxonomy":"product_brand","embeddable":true,"href":"https:\/\/monbip.fr\/de\/wp-json\/wp\/v2\/product_brand?post=9565"},{"taxonomy":"product_cat","embeddable":true,"href":"https:\/\/monbip.fr\/de\/wp-json\/wp\/v2\/product_cat?post=9565"},{"taxonomy":"product_tag","embeddable":true,"href":"https:\/\/monbip.fr\/de\/wp-json\/wp\/v2\/product_tag?post=9565"}],"curies":[{"name":"wp","href":"https:\/\/api.w.org\/{rel}","templated":true}]}}