{"id":9573,"date":"2023-12-18T00:11:47","date_gmt":"2023-12-17T22:11:47","guid":{"rendered":"https:\/\/monbip.fr\/?post_type=product&#038;p=9573"},"modified":"2023-12-18T00:11:48","modified_gmt":"2023-12-17T22:11:48","slug":"nice-mca2r10","status":"publish","type":"product","link":"https:\/\/monbip.fr\/de\/produkt\/schaltschraenke-de\/nice-mca2r10\/","title":{"rendered":"NICE MCA2R10"},"content":{"rendered":"<p>Centrale de commande Nice Moonclever MCA2R10 pour moteurs de portails battants \u00e0 24 Vdc, sans encodeur, avec r\u00e9cepteur int\u00e9gr\u00e9 et pr\u00e9par\u00e9e pour les syst\u00e8mes Opera et Solemyo.<\/p>\n<p>Compatible avec le syst\u00e8me d&#8217;\u00e9nergie solaire Solemyo.<\/p>\n<p>Compatible avec le syst\u00e8me Opera qui, gr\u00e2ce \u00e0 l&#8217;\u00e9cran multifonction O-View (option \u00e0 loger \u00e0 l&#8217;int\u00e9rieur du bo\u00eetier), permet de personnaliser le syst\u00e8me en modifiant les positions d&#8217;ouverture et de fermeture, les d\u00e9calages des vantaux et les d\u00e9c\u00e9l\u00e9rations, en changeant les param\u00e8tres pour chaque moteur comme par exemple la force, la vitesse, la sensibilit\u00e9 aux obstacles.<\/p>\n<p>S\u00fbr et fiable : en d\u00e9tectant les obstacles tout au long du parcours et en pr\u00e9installant pour la connexion des bords sensibles r\u00e9sistifs de derni\u00e8re g\u00e9n\u00e9ration.<\/p>\n<p>Intelligent : diagnostic automatique des anomalies et des signaux gr\u00e2ce \u00e0 un clignotant et une LED de confirmation.<\/p>\n<p>Programmation manuelle simple et compl\u00e8te \u00e0 l&#8217;aide de trois boutons et 8 LED.<\/p>\n<p>\u00c9conomies et respect de l&#8217;environnement, autonomie : connect\u00e9 \u00e0 la batterie auxiliaire ou au kit Solemyo, la consommation en mode veille n&#8217;est que de 0,1 W.<\/p>\n","protected":false},"excerpt":{"rendered":"<p>Centrale de commande Nice Moonclever MCA2R10 pour portails battants \u00e0 un ou deux moteurs, sans encodeur, avec r\u00e9cepteur int\u00e9gr\u00e9.<\/p>\n<p>Armoire de commande NICE MCA2 OU MCA2R10<\/p>\n","protected":false},"featured_media":9574,"template":"","meta":[],"product_brand":[],"product_cat":[200],"product_tag":[],"class_list":{"0":"post-9573","1":"product","2":"type-product","3":"status-publish","4":"has-post-thumbnail","6":"product_cat-armoires-de-commande","8":"first","9":"instock","10":"sale","11":"taxable","12":"shipping-taxable","13":"purchasable","14":"product-type-simple"},"_links":{"self":[{"href":"https:\/\/monbip.fr\/de\/wp-json\/wp\/v2\/product\/9573","targetHints":{"allow":["GET"]}}],"collection":[{"href":"https:\/\/monbip.fr\/de\/wp-json\/wp\/v2\/product"}],"about":[{"href":"https:\/\/monbip.fr\/de\/wp-json\/wp\/v2\/types\/product"}],"wp:featuredmedia":[{"embeddable":true,"href":"https:\/\/monbip.fr\/de\/wp-json\/wp\/v2\/media\/9574"}],"wp:attachment":[{"href":"https:\/\/monbip.fr\/de\/wp-json\/wp\/v2\/media?parent=9573"}],"wp:term":[{"taxonomy":"product_brand","embeddable":true,"href":"https:\/\/monbip.fr\/de\/wp-json\/wp\/v2\/product_brand?post=9573"},{"taxonomy":"product_cat","embeddable":true,"href":"https:\/\/monbip.fr\/de\/wp-json\/wp\/v2\/product_cat?post=9573"},{"taxonomy":"product_tag","embeddable":true,"href":"https:\/\/monbip.fr\/de\/wp-json\/wp\/v2\/product_tag?post=9573"}],"curies":[{"name":"wp","href":"https:\/\/api.w.org\/{rel}","templated":true}]}}