{"id":9648,"date":"2024-03-03T00:26:40","date_gmt":"2024-03-02T22:26:40","guid":{"rendered":"https:\/\/monbip.fr\/?post_type=product&#038;p=9648"},"modified":"2024-03-03T00:26:40","modified_gmt":"2024-03-02T22:26:40","slug":"motorline-mconnect-bridge","status":"publish","type":"product","link":"https:\/\/monbip.fr\/de\/produkt\/automatisierung-de\/motorline-mconnect-bridge\/","title":{"rendered":"Motorline MCONNECT BRIDGE"},"content":{"rendered":"<p>Module Wi-Fi, qui permet de contr\u00f4ler \u00e0 distance divers appareils, tels que portails, portes, fen\u00eatres, tous types d&#8217;\u00e9clairage, stores et rideaux. Avec ce module, cela revient \u00e0 avoir entre les mains 15 commandes \u00e0 4 canaux, soit un total de 60 boutons. Il est compatible avec l&#8217;automatisation Motorline, mais peut \u00e9galement \u00eatre utilis\u00e9 dans des appareils d&#8217;autres marques, en utilisant un r\u00e9cepteur MR17. Tout cela gr\u00e2ce \u00e0 l&#8217;application mobile MCONNECT, compatible avec les t\u00e9l\u00e9phones mobiles et les tablettes.<\/p>\n","protected":false},"excerpt":{"rendered":"<p>MOTORLINE MCONNECT<br \/>\nCet appareil permet de connecter \u00e0 distance divers appareils, tels que des portails, des portes, des fen\u00eatres et tous types d&#8217;\u00e9clairage, stores et rideaux. Organisez les pi\u00e8ces de votre maison dans l&#8217;application. Cr\u00e9ez des routines automatiques.<\/p>\n","protected":false},"featured_media":9649,"template":"","meta":[],"product_brand":[],"product_cat":[211],"product_tag":[],"class_list":{"0":"post-9648","1":"product","2":"type-product","3":"status-publish","4":"has-post-thumbnail","6":"product_cat-domotique","8":"first","9":"instock","10":"sale","11":"taxable","12":"shipping-taxable","13":"purchasable","14":"product-type-simple"},"_links":{"self":[{"href":"https:\/\/monbip.fr\/de\/wp-json\/wp\/v2\/product\/9648","targetHints":{"allow":["GET"]}}],"collection":[{"href":"https:\/\/monbip.fr\/de\/wp-json\/wp\/v2\/product"}],"about":[{"href":"https:\/\/monbip.fr\/de\/wp-json\/wp\/v2\/types\/product"}],"wp:featuredmedia":[{"embeddable":true,"href":"https:\/\/monbip.fr\/de\/wp-json\/wp\/v2\/media\/9649"}],"wp:attachment":[{"href":"https:\/\/monbip.fr\/de\/wp-json\/wp\/v2\/media?parent=9648"}],"wp:term":[{"taxonomy":"product_brand","embeddable":true,"href":"https:\/\/monbip.fr\/de\/wp-json\/wp\/v2\/product_brand?post=9648"},{"taxonomy":"product_cat","embeddable":true,"href":"https:\/\/monbip.fr\/de\/wp-json\/wp\/v2\/product_cat?post=9648"},{"taxonomy":"product_tag","embeddable":true,"href":"https:\/\/monbip.fr\/de\/wp-json\/wp\/v2\/product_tag?post=9648"}],"curies":[{"name":"wp","href":"https:\/\/api.w.org\/{rel}","templated":true}]}}