{"id":9667,"date":"2024-03-11T18:32:00","date_gmt":"2024-03-11T16:32:00","guid":{"rendered":"https:\/\/monbip.fr\/?post_type=product&#038;p=9667"},"modified":"2024-03-11T18:33:46","modified_gmt":"2024-03-11T16:33:46","slug":"telcoma-sl-ace-fast-400","status":"publish","type":"product","link":"https:\/\/monbip.fr\/de\/produkt\/motorisierungen\/motorisierung-von-garagentoren-de\/telcoma-sl-ace-fast-400\/","title":{"rendered":"TELCOMA SL ACE FAST 400"},"content":{"rendered":"<p>Encodeur de r\u00e9gulation anti-\u00e9crasement.<br \/>\nPotentiom\u00e8tre de r\u00e9gulation de force de pouss\u00e9e et de sensibilit\u00e9<br \/>\nFins de course magn\u00e9tiques.<br \/>\nUnit\u00e9 de contr\u00f4le AF124 int\u00e9gr\u00e9e.<br \/>\nR\u00e9cepteur optionnel OC2 (open collector &#8211; sans relais) 2 voies<br \/>\nD\u00e9c\u00e9l\u00e9ration en phase d&#8217;ouverture et de fermeture.<br \/>\nPossibilit\u00e9 d&#8217;ins\u00e9rer le KIT POWER 400 pour un fonctionnement AVEC BATTERIES en l&#8217;absence temporaire de courant \u00e9lectrique.<br \/>\nPossibilit\u00e9 d&#8217;alimenter avec SUNPOWER les panneaux solaires<\/p>\n","protected":false},"excerpt":{"rendered":"<p>Automatisme \u00e0 moteur \u00e9lectrom\u00e9canique 24V pour portes coulissantes jusqu&#8217;\u00e0 400 kg (friction incluse)<\/p>\n","protected":false},"featured_media":9670,"template":"","meta":[],"product_brand":[],"product_cat":[203,202],"product_tag":[],"class_list":{"0":"post-9667","1":"product","2":"type-product","3":"status-publish","4":"has-post-thumbnail","6":"product_cat-motorisation-porte-de-garage","7":"product_cat-motorisations","9":"first","10":"instock","11":"sale","12":"taxable","13":"shipping-taxable","14":"purchasable","15":"product-type-simple"},"_links":{"self":[{"href":"https:\/\/monbip.fr\/de\/wp-json\/wp\/v2\/product\/9667","targetHints":{"allow":["GET"]}}],"collection":[{"href":"https:\/\/monbip.fr\/de\/wp-json\/wp\/v2\/product"}],"about":[{"href":"https:\/\/monbip.fr\/de\/wp-json\/wp\/v2\/types\/product"}],"wp:featuredmedia":[{"embeddable":true,"href":"https:\/\/monbip.fr\/de\/wp-json\/wp\/v2\/media\/9670"}],"wp:attachment":[{"href":"https:\/\/monbip.fr\/de\/wp-json\/wp\/v2\/media?parent=9667"}],"wp:term":[{"taxonomy":"product_brand","embeddable":true,"href":"https:\/\/monbip.fr\/de\/wp-json\/wp\/v2\/product_brand?post=9667"},{"taxonomy":"product_cat","embeddable":true,"href":"https:\/\/monbip.fr\/de\/wp-json\/wp\/v2\/product_cat?post=9667"},{"taxonomy":"product_tag","embeddable":true,"href":"https:\/\/monbip.fr\/de\/wp-json\/wp\/v2\/product_tag?post=9667"}],"curies":[{"name":"wp","href":"https:\/\/api.w.org\/{rel}","templated":true}]}}