{"id":9701,"date":"2024-04-20T20:47:06","date_gmt":"2024-04-20T18:47:06","guid":{"rendered":"https:\/\/monbip.fr\/?post_type=product&#038;p=9701"},"modified":"2024-04-20T20:48:24","modified_gmt":"2024-04-20T18:48:24","slug":"moteur-aprimatic-350-24-sr","status":"publish","type":"product","link":"https:\/\/monbip.fr\/de\/produkt\/motorisierungen\/drehtorantriebe\/moteur-aprimatic-350-24-sr\/","title":{"rendered":"Moteur APRIMATIC 350\/24 sr"},"content":{"rendered":"<div class=\"av-special-heading av-2m4kaez-6bb650da6b3ff6e7a4b2c0084cd66705 av-special-heading-h3 blockquote modern-quote avia-builder-el-11 el_after_av_gallery el_before_av_table \">\n<h3 class=\"av-special-heading-tag\">SP\u00c9CIFICATIONS TECHNIQUES<\/h3>\n<\/div>\n<div class=\"avia-data-table-wrap av-2kdwezv-87760485ea4a5081ca6fe94b65d2234b avia_responsive_table avia-table-1\">\n<table class=\"avia-table avia-data-table avia_pricing_default avia-builder-el-12 el_after_av_heading el_before_av_heading \">\n<tbody>\n<tr class=\"avia-heading-row\">\n<th class=\"\"><\/th>\n<th class=\"\">350\/230 SR<\/th>\n<th class=\"\">350 SR\/24<\/th>\n<\/tr>\n<tr class=\"\">\n<td class=\"\">ALIMENTATION<\/td>\n<td class=\"\">220 V\/50 Hz<\/td>\n<td class=\"\">24 Vcc<\/td>\n<\/tr>\n<tr class=\"\">\n<td class=\"\">PUISSANCE<\/td>\n<td class=\"\">180W<\/td>\n<td class=\"\">60W<\/td>\n<\/tr>\n<tr class=\"\">\n<td class=\"\">FORCE<\/td>\n<td class=\"\">2000N<\/td>\n<td class=\"\">2000N<\/td>\n<\/tr>\n<tr class=\"\">\n<td class=\"\">ITIN\u00c9RAIRE<\/td>\n<td class=\"\">400mm<\/td>\n<td class=\"\">400mm<\/td>\n<\/tr>\n<tr class=\"\">\n<td class=\"\">VITESSE LIN\u00c9AIRE<\/td>\n<td class=\"\">1,6 cm\/s<\/td>\n<td class=\"\">Ajustable<\/td>\n<\/tr>\n<tr class=\"\">\n<td class=\"\">CYCLES\/HEURE<\/td>\n<td class=\"\">25 euros\/h<\/td>\n<td class=\"\">35 euros\/h<\/td>\n<\/tr>\n<tr class=\"\">\n<td class=\"\">GAMME THERMIQUE<\/td>\n<td class=\"\">-20\u00baC\/+50\u00baC<\/td>\n<td class=\"\">-20\u00baC\/+50\u00baC<\/td>\n<\/tr>\n<tr class=\"\">\n<td class=\"\">DEGR\u00c9 DE PROTECTION<\/td>\n<td class=\"\">IP44<\/td>\n<td class=\"\">IP44<\/td>\n<\/tr>\n<tr class=\"\">\n<td class=\"\">POIDS<\/td>\n<td class=\"\">7,5K<\/td>\n<td class=\"\">7,5K<\/td>\n<\/tr>\n<tr class=\"\">\n<td class=\"\">CONDENSATEUR INT\u00c9GR\u00c9<\/td>\n<td class=\"\">6,3 \u00b5Fg<\/td>\n<td class=\"\"><\/td>\n<\/tr>\n<tr class=\"\">\n<td class=\"\">LARGEUR \/ POIDS PORTAIL<\/td>\n<td class=\"\">3,5 m \/ 300 kg<\/td>\n<td class=\"\">3,5 m \/ 300 kg<\/td>\n<\/tr>\n<\/tbody>\n<\/table>\n<\/div>\n","protected":false},"excerpt":{"rendered":"<section class=\"av_textblock_section av-2rt4efv-6c6a16d169fe8196445514234d4a1eef \">\n<div class=\"avia_textblock\">\n<p><span class=\"\">Moteur APRIMATIC 350\/24 sr \u00e9lectrom\u00e9canique irr\u00e9versible \u00e0 230 Vac pour vantaux battants de 3,5 m (max. 300 Kg). Op\u00e9rateur robuste construit sur un ch\u00e2ssis en aluminium inject\u00e9 et recouvert de peinture polyester. \u00c9galement disponible en version r\u00e9versible.<\/span><\/p>\n<\/div>\n<\/section>\n<section class=\"av_textblock_section av-2qhxsqz-dc2d531c00d64961aa29c2e2dc125d73 \">\n<div class=\"avia_textblock\">\n<ul>\n<li><span class=\"\">Ch\u00e2ssis en aluminium inject\u00e9 peint polyester.<\/span><\/li>\n<li>Transmission \u00e0 vis sans fin robuste soutenue par des roulements aux deux extr\u00e9mit\u00e9s.<\/li>\n<li>But\u00e9e m\u00e9canique en ouverture de s\u00e9rie.<\/li>\n<li>D\u00e9verrouillage facile par poign\u00e9e m\u00e9tallique avec cl\u00e9.<\/li>\n<li>Support arri\u00e8re avec plusieurs trous de fixation.<\/li>\n<li>Version r\u00e9versible disponible.<\/li>\n<\/ul>\n<\/div>\n<\/section>\n","protected":false},"featured_media":9706,"template":"","meta":[],"product_brand":[],"product_cat":[207],"product_tag":[],"class_list":{"0":"post-9701","1":"product","2":"type-product","3":"status-publish","4":"has-post-thumbnail","6":"product_cat-motorisation-portail-battant","8":"first","9":"instock","10":"sale","11":"taxable","12":"shipping-taxable","13":"purchasable","14":"product-type-simple"},"_links":{"self":[{"href":"https:\/\/monbip.fr\/de\/wp-json\/wp\/v2\/product\/9701","targetHints":{"allow":["GET"]}}],"collection":[{"href":"https:\/\/monbip.fr\/de\/wp-json\/wp\/v2\/product"}],"about":[{"href":"https:\/\/monbip.fr\/de\/wp-json\/wp\/v2\/types\/product"}],"wp:featuredmedia":[{"embeddable":true,"href":"https:\/\/monbip.fr\/de\/wp-json\/wp\/v2\/media\/9706"}],"wp:attachment":[{"href":"https:\/\/monbip.fr\/de\/wp-json\/wp\/v2\/media?parent=9701"}],"wp:term":[{"taxonomy":"product_brand","embeddable":true,"href":"https:\/\/monbip.fr\/de\/wp-json\/wp\/v2\/product_brand?post=9701"},{"taxonomy":"product_cat","embeddable":true,"href":"https:\/\/monbip.fr\/de\/wp-json\/wp\/v2\/product_cat?post=9701"},{"taxonomy":"product_tag","embeddable":true,"href":"https:\/\/monbip.fr\/de\/wp-json\/wp\/v2\/product_tag?post=9701"}],"curies":[{"name":"wp","href":"https:\/\/api.w.org\/{rel}","templated":true}]}}