{"id":9708,"date":"2024-04-20T20:59:49","date_gmt":"2024-04-20T18:59:49","guid":{"rendered":"https:\/\/monbip.fr\/?post_type=product&#038;p=9708"},"modified":"2026-01-27T09:29:07","modified_gmt":"2026-01-27T07:29:07","slug":"moteur-aprimatic-em-73n","status":"publish","type":"product","link":"https:\/\/monbip.fr\/de\/produkt\/motorisierungen\/drehtorantriebe\/moteur-aprimatic-em-73n\/","title":{"rendered":"Moteur APRIMATIC EM 73N"},"content":{"rendered":"<div class=\"av-special-heading av-1y5uahr-03cb750ccb9cfa2ec4f4ad08674d67d1 av-special-heading-h3 blockquote modern-quote avia-builder-el-11 el_after_av_gallery el_before_av_table \">\n<h3 class=\"av-special-heading-tag\">SP\u00c9CIFICATIONS TECHNIQUES<\/h3>\n<\/div>\n<div class=\"avia-data-table-wrap av-1wgecv3-926443619b204be1c5b18a89706a6b31 avia_responsive_table avia-table-1\">\n<table class=\"avia-table avia-data-table avia_pricing_default avia-builder-el-12 el_after_av_heading el_before_av_heading \">\n<tbody>\n<tr class=\"avia-heading-row\">\n<th class=\"\"><\/th>\n<th class=\"\">EM 73 N<\/th>\n<\/tr>\n<tr class=\"\">\n<td class=\"\">ALIMENTATION<\/td>\n<td class=\"\">230 VCA\/50 Hz<\/td>\n<\/tr>\n<tr class=\"\">\n<td class=\"\">FOURNITURE MOTEUR<\/td>\n<td class=\"\">24 Vcc<\/td>\n<\/tr>\n<tr class=\"\">\n<td class=\"\">ANGLE D&#8217;OUVERTURE<\/td>\n<td class=\"\">110\u00ba\/140\u00ba\/180\u00ba<\/td>\n<\/tr>\n<tr class=\"\">\n<td class=\"\">LARGEUR DE LA LAME<\/td>\n<td class=\"\">1,8\/3,5m<\/td>\n<\/tr>\n<tr class=\"\">\n<td class=\"\">PROTECTION IP<\/td>\n<td class=\"\">67<\/td>\n<\/tr>\n<tr class=\"\">\n<td class=\"\">POUVOIR<\/td>\n<td class=\"\">200W<\/td>\n<\/tr>\n<tr class=\"\">\n<td class=\"\">ACTUEL<\/td>\n<td class=\"\">10A<\/td>\n<\/tr>\n<tr class=\"\">\n<td class=\"\">PAIRE<\/td>\n<td class=\"\">280\u00a0Nm<\/td>\n<\/tr>\n<tr class=\"\">\n<td class=\"\">GAMME THERMIQUE<\/td>\n<td class=\"\">-20\u00baC\/+70\u00baC<\/td>\n<\/tr>\n<tr class=\"\">\n<td class=\"\">HEURE D&#8217;OUVERTURE 110\u00ba<\/td>\n<td class=\"\">20s<\/td>\n<\/tr>\n<tr class=\"\">\n<td class=\"\">RALENTISSEMENT<\/td>\n<td class=\"\">Facultatif<\/td>\n<\/tr>\n<\/tbody>\n<\/table>\n<\/div>\n","protected":false},"excerpt":{"rendered":"<section class=\"av_textblock_section av-24vea1r-cb9b08001db6c08dcf7672623c92128c \">\n<div class=\"avia_textblock\">\n<p>Moteur APRIMATIC EM 73N \u00e9lectrom\u00e9canique \u00e0 24 Vdc. Compos\u00e9 d&#8217;un moto-r\u00e9ducteur et d&#8217;un conteneur autoportant avec d\u00e9verrouillage.<\/p>\n<\/div>\n<\/section>\n<section class=\"av_textblock_section av-23v7jwf-e52d672cb6ef0a0e873ea2fea5a35130 \">\n<div class=\"avia_textblock\">\n<ul>\n<li>Op\u00e9rateur 24 Vdc sous trottoir.<\/li>\n<li>Ouverture standard de 110\u00ba. En option 140\u00ba et 180\u00ba.<\/li>\n<li>S\u00e9curit\u00e9 d&#8217;utilisation garantie gr\u00e2ce \u00e0 l&#8217;utilisation du panneau T4 Power.<\/li>\n<li>D\u00e9verrouillage par cl\u00e9 en option.<\/li>\n<li>D\u00e9c\u00e9l\u00e9ration en fin de course en option.<\/li>\n<li>Attention: caisson de fondation non fourni<\/li>\n<\/ul>\n<\/div>\n<\/section>\n","protected":false},"featured_media":9709,"template":"","meta":[],"product_brand":[],"product_cat":[207],"product_tag":[],"class_list":{"0":"post-9708","1":"product","2":"type-product","3":"status-publish","4":"has-post-thumbnail","6":"product_cat-motorisation-portail-battant","8":"first","9":"instock","10":"sale","11":"taxable","12":"shipping-taxable","13":"purchasable","14":"product-type-simple"},"_links":{"self":[{"href":"https:\/\/monbip.fr\/de\/wp-json\/wp\/v2\/product\/9708","targetHints":{"allow":["GET"]}}],"collection":[{"href":"https:\/\/monbip.fr\/de\/wp-json\/wp\/v2\/product"}],"about":[{"href":"https:\/\/monbip.fr\/de\/wp-json\/wp\/v2\/types\/product"}],"wp:featuredmedia":[{"embeddable":true,"href":"https:\/\/monbip.fr\/de\/wp-json\/wp\/v2\/media\/9709"}],"wp:attachment":[{"href":"https:\/\/monbip.fr\/de\/wp-json\/wp\/v2\/media?parent=9708"}],"wp:term":[{"taxonomy":"product_brand","embeddable":true,"href":"https:\/\/monbip.fr\/de\/wp-json\/wp\/v2\/product_brand?post=9708"},{"taxonomy":"product_cat","embeddable":true,"href":"https:\/\/monbip.fr\/de\/wp-json\/wp\/v2\/product_cat?post=9708"},{"taxonomy":"product_tag","embeddable":true,"href":"https:\/\/monbip.fr\/de\/wp-json\/wp\/v2\/product_tag?post=9708"}],"curies":[{"name":"wp","href":"https:\/\/api.w.org\/{rel}","templated":true}]}}