{"id":9718,"date":"2024-04-28T22:56:45","date_gmt":"2024-04-28T20:56:45","guid":{"rendered":"https:\/\/monbip.fr\/?post_type=product&#038;p=9718"},"modified":"2024-04-28T22:56:45","modified_gmt":"2024-04-28T20:56:45","slug":"bft-botticelli-bt-a650","status":"publish","type":"product","link":"https:\/\/monbip.fr\/de\/produkt\/motorisierungen\/motorisierung-von-garagentoren-de\/bft-botticelli-bt-a650\/","title":{"rendered":"BFT BOTTICELLI BT A650"},"content":{"rendered":"<p><strong>FICHE TECHNIQUE<\/strong><br \/>\nAlimentation 230 V ~ \u00b1 10%, 50\/60 Hz Monophas\u00e9<br \/>\nTension moteur: 24V<br \/>\nPuissance max. absorb\u00e9:\u00a0 200W<br \/>\nForce de traction et de pouss\u00e9e: 650N<br \/>\nD\u00e9verrouillage: Oui<br \/>\nR\u00e9action \u00e0 l\u2019impact Limiteur de couple int\u00e9gr\u00e9 dans le panneau de commande<br \/>\nFin de course \u00e9lectronique avec ENCODEUR + But\u00e9e m\u00e9canique sur face ouvrante<br \/>\nLampe de courtoisie d\u2019\u00e9clairage int\u00e9rieur<br \/>\nDegr\u00e9 de protection: IP20<br \/>\nNb de man\u0153uvres quotidiennes \u00e0 60 \u00b0: 50<\/p>\n","protected":false},"excerpt":{"rendered":"<p>Moteur BFT BOTTICELLI BT A650 pour porte sectionnelle ou basculante jusqu\u2019\u00e0 10 m2<\/p>\n","protected":false},"featured_media":9719,"template":"","meta":[],"product_brand":[],"product_cat":[203],"product_tag":[],"class_list":{"0":"post-9718","1":"product","2":"type-product","3":"status-publish","4":"has-post-thumbnail","6":"product_cat-motorisation-porte-de-garage","8":"first","9":"instock","10":"sale","11":"taxable","12":"shipping-taxable","13":"purchasable","14":"product-type-simple"},"_links":{"self":[{"href":"https:\/\/monbip.fr\/de\/wp-json\/wp\/v2\/product\/9718","targetHints":{"allow":["GET"]}}],"collection":[{"href":"https:\/\/monbip.fr\/de\/wp-json\/wp\/v2\/product"}],"about":[{"href":"https:\/\/monbip.fr\/de\/wp-json\/wp\/v2\/types\/product"}],"wp:featuredmedia":[{"embeddable":true,"href":"https:\/\/monbip.fr\/de\/wp-json\/wp\/v2\/media\/9719"}],"wp:attachment":[{"href":"https:\/\/monbip.fr\/de\/wp-json\/wp\/v2\/media?parent=9718"}],"wp:term":[{"taxonomy":"product_brand","embeddable":true,"href":"https:\/\/monbip.fr\/de\/wp-json\/wp\/v2\/product_brand?post=9718"},{"taxonomy":"product_cat","embeddable":true,"href":"https:\/\/monbip.fr\/de\/wp-json\/wp\/v2\/product_cat?post=9718"},{"taxonomy":"product_tag","embeddable":true,"href":"https:\/\/monbip.fr\/de\/wp-json\/wp\/v2\/product_tag?post=9718"}],"curies":[{"name":"wp","href":"https:\/\/api.w.org\/{rel}","templated":true}]}}