{"id":9723,"date":"2024-04-29T16:44:42","date_gmt":"2024-04-29T14:44:42","guid":{"rendered":"https:\/\/monbip.fr\/?post_type=product&#038;p=9723"},"modified":"2024-04-29T16:45:14","modified_gmt":"2024-04-29T14:45:14","slug":"moteur-v2-vulcan-230v","status":"publish","type":"product","link":"https:\/\/monbip.fr\/de\/produkt\/motorisierungen\/drehtorantriebe\/moteur-v2-vulcan-230v\/","title":{"rendered":"Moteur V2 VULCAN 230V"},"content":{"rendered":"<ul>\n<li>Alimentation :\u00a0230 Volts 50 Hz<\/li>\n<li>Intensit\u00e9 maximum :\u00a02,4 A<\/li>\n<li>Puissance maximum :\u00a0550 W<\/li>\n<li>Poids maximum du portail :\u00a0800 Kg<\/li>\n<li>Longueur maximum vantail :\u00a03,50 m<\/li>\n<li>Couple :\u00a0320 Nm<\/li>\n<li>Indice d&#8217;exploitation :\u00a030 %<\/li>\n<li>Temp\u00e9rature de fonctionnement :\u00a0-20\u00b0C \u00e0 +55\u00b0C<\/li>\n<li>Poids du moteur :\u00a011 Kg<\/li>\n<li>Indice de protection :\u00a0IP67<\/li>\n<\/ul>\n<p>Moteur V2 VULCAN 230V<\/p>\n","protected":false},"excerpt":{"rendered":"<p>Motor V2 VULCAN 230V encastr\u00e9 \u00e9lectrom\u00e9canique irr\u00e9versible pour portails battants avec vantaux jusqu\u2019\u00e0 3,5 m de long.<\/p>\n<p>Attention: caisson de fondation non fourni<\/p>\n","protected":false},"featured_media":9724,"template":"","meta":[],"product_brand":[],"product_cat":[207],"product_tag":[],"class_list":{"0":"post-9723","1":"product","2":"type-product","3":"status-publish","4":"has-post-thumbnail","6":"product_cat-motorisation-portail-battant","8":"first","9":"instock","10":"sale","11":"taxable","12":"shipping-taxable","13":"purchasable","14":"product-type-simple"},"_links":{"self":[{"href":"https:\/\/monbip.fr\/de\/wp-json\/wp\/v2\/product\/9723","targetHints":{"allow":["GET"]}}],"collection":[{"href":"https:\/\/monbip.fr\/de\/wp-json\/wp\/v2\/product"}],"about":[{"href":"https:\/\/monbip.fr\/de\/wp-json\/wp\/v2\/types\/product"}],"wp:featuredmedia":[{"embeddable":true,"href":"https:\/\/monbip.fr\/de\/wp-json\/wp\/v2\/media\/9724"}],"wp:attachment":[{"href":"https:\/\/monbip.fr\/de\/wp-json\/wp\/v2\/media?parent=9723"}],"wp:term":[{"taxonomy":"product_brand","embeddable":true,"href":"https:\/\/monbip.fr\/de\/wp-json\/wp\/v2\/product_brand?post=9723"},{"taxonomy":"product_cat","embeddable":true,"href":"https:\/\/monbip.fr\/de\/wp-json\/wp\/v2\/product_cat?post=9723"},{"taxonomy":"product_tag","embeddable":true,"href":"https:\/\/monbip.fr\/de\/wp-json\/wp\/v2\/product_tag?post=9723"}],"curies":[{"name":"wp","href":"https:\/\/api.w.org\/{rel}","templated":true}]}}