{"id":9742,"date":"2024-06-10T16:32:34","date_gmt":"2024-06-10T14:32:34","guid":{"rendered":"https:\/\/monbip.fr\/?post_type=product&#038;p=9742"},"modified":"2024-06-10T17:01:40","modified_gmt":"2024-06-10T15:01:40","slug":"v2-pd8m","status":"publish","type":"product","link":"https:\/\/monbip.fr\/de\/produkt\/schaltschraenke-de\/v2-pd8m\/","title":{"rendered":"V2 PD8M"},"content":{"rendered":"<p>La\u00a0 carte \u00e9lectronique V2 PD8M\u00a0 permet une programmation simple \u00e0 l&#8217;aide d&#8217;un \u00e9cran d&#8217;affichage LCD avec lequel vous pouvez configurer tous les param\u00e8tres de mani\u00e8re intuitive. . Cette centrale \u00e9lectronique dispose d&#8217;une lampe de signalisation 230V 40W. Il dispose d&#8217;un encodeur optique et d&#8217;une prise pour connecter les r\u00e9cepteurs V2 MR2 U.<\/p>\n<p>V\u00e9rification automatique de la commutation du relais \u00e0 courant nul.<br \/>\nR\u00e9gulation de puissance.<br \/>\nD\u00e9tection d&#8217;obstacles.<br \/>\nApprentissage automatique du temps de fonctionnement.<br \/>\nTestez les dispositifs de s\u00e9curit\u00e9 avant chaque ouverture.<\/p>\n<p>&nbsp;<\/p>\n<p>&nbsp;<\/p>\n","protected":false},"excerpt":{"rendered":"<p>Carte \u00e9lectroniqueV2 PD8M pour porte coulissante V2 GOLD avec alimentation 230 V est un moteur asynchrone et \u00e0 courant alternatif qui supporte une puissance maximale de 700 W<\/p>\n","protected":false},"featured_media":9743,"template":"","meta":[],"product_brand":[],"product_cat":[200],"product_tag":[],"class_list":{"0":"post-9742","1":"product","2":"type-product","3":"status-publish","4":"has-post-thumbnail","6":"product_cat-armoires-de-commande","8":"first","9":"instock","10":"sale","11":"taxable","12":"shipping-taxable","13":"purchasable","14":"product-type-simple"},"_links":{"self":[{"href":"https:\/\/monbip.fr\/de\/wp-json\/wp\/v2\/product\/9742","targetHints":{"allow":["GET"]}}],"collection":[{"href":"https:\/\/monbip.fr\/de\/wp-json\/wp\/v2\/product"}],"about":[{"href":"https:\/\/monbip.fr\/de\/wp-json\/wp\/v2\/types\/product"}],"wp:featuredmedia":[{"embeddable":true,"href":"https:\/\/monbip.fr\/de\/wp-json\/wp\/v2\/media\/9743"}],"wp:attachment":[{"href":"https:\/\/monbip.fr\/de\/wp-json\/wp\/v2\/media?parent=9742"}],"wp:term":[{"taxonomy":"product_brand","embeddable":true,"href":"https:\/\/monbip.fr\/de\/wp-json\/wp\/v2\/product_brand?post=9742"},{"taxonomy":"product_cat","embeddable":true,"href":"https:\/\/monbip.fr\/de\/wp-json\/wp\/v2\/product_cat?post=9742"},{"taxonomy":"product_tag","embeddable":true,"href":"https:\/\/monbip.fr\/de\/wp-json\/wp\/v2\/product_tag?post=9742"}],"curies":[{"name":"wp","href":"https:\/\/api.w.org\/{rel}","templated":true}]}}