{"id":9782,"date":"2024-08-03T23:46:08","date_gmt":"2024-08-03T21:46:08","guid":{"rendered":"https:\/\/monbip.fr\/?post_type=product&#038;p=9782"},"modified":"2024-08-03T23:55:48","modified_gmt":"2024-08-03T21:55:48","slug":"beninca-bull6m","status":"publish","type":"product","link":"https:\/\/monbip.fr\/de\/produkt\/motorisierungen\/motorisierung-von-garagentoren-de\/beninca-bull6m\/","title":{"rendered":"Beninca BULL6M"},"content":{"rendered":"<table class=\"table\">\n<tbody>\n<tr>\n<td>Alimentation de r\u00e9seau<\/td>\n<td>230\u00a0Vac (50-60Hz)<\/td>\n<\/tr>\n<tr>\n<td>Alimentation moteur<\/td>\n<td>230\u00a0Vac<\/td>\n<\/tr>\n<tr>\n<td>Courant max. absorb\u00e9<\/td>\n<td>1,3 A<\/td>\n<\/tr>\n<tr>\n<td>Pouss\u00e9e maximale<\/td>\n<td>650 N<\/td>\n<\/tr>\n<tr>\n<td>Vitesse d\u2019ouverture<\/td>\n<td>10,5 m\/min<\/td>\n<\/tr>\n<tr>\n<td>Cycle de travail<\/td>\n<td>30%<\/td>\n<\/tr>\n<tr>\n<td>Degr\u00e9 de protection<\/td>\n<td>IP44<\/td>\n<\/tr>\n<tr>\n<td>Centrale incorpor\u00e9e<\/td>\n<td>Oui<\/td>\n<\/tr>\n<tr>\n<td>R\u00e9cepteur int\u00e9gr\u00e9<\/td>\n<td>Oui<\/td>\n<\/tr>\n<\/tbody>\n<\/table>\n","protected":false},"excerpt":{"rendered":"<p>Op\u00e9rateur 230 Vac avec centrale incorpor\u00e9e | Possibilit\u00e9 de raccordement de l\u2019encodeur avec l\u2019accessoire MAG.E | Le dispositif encodeur garantit s\u00e9curit\u00e9 anti-\u00e9crasement et pr\u00e9cision lors de la man\u0153uvre du portail | Fins de course magn\u00e9tiques disponibles en tant qu\u2019accessoires (MLS)<\/p>\n","protected":false},"featured_media":9780,"template":"","meta":[],"product_brand":[],"product_cat":[203,202],"product_tag":[],"class_list":{"0":"post-9782","1":"product","2":"type-product","3":"status-publish","4":"has-post-thumbnail","6":"product_cat-motorisation-porte-de-garage","7":"product_cat-motorisations","9":"first","10":"instock","11":"sale","12":"taxable","13":"shipping-taxable","14":"purchasable","15":"product-type-simple"},"_links":{"self":[{"href":"https:\/\/monbip.fr\/de\/wp-json\/wp\/v2\/product\/9782","targetHints":{"allow":["GET"]}}],"collection":[{"href":"https:\/\/monbip.fr\/de\/wp-json\/wp\/v2\/product"}],"about":[{"href":"https:\/\/monbip.fr\/de\/wp-json\/wp\/v2\/types\/product"}],"wp:featuredmedia":[{"embeddable":true,"href":"https:\/\/monbip.fr\/de\/wp-json\/wp\/v2\/media\/9780"}],"wp:attachment":[{"href":"https:\/\/monbip.fr\/de\/wp-json\/wp\/v2\/media?parent=9782"}],"wp:term":[{"taxonomy":"product_brand","embeddable":true,"href":"https:\/\/monbip.fr\/de\/wp-json\/wp\/v2\/product_brand?post=9782"},{"taxonomy":"product_cat","embeddable":true,"href":"https:\/\/monbip.fr\/de\/wp-json\/wp\/v2\/product_cat?post=9782"},{"taxonomy":"product_tag","embeddable":true,"href":"https:\/\/monbip.fr\/de\/wp-json\/wp\/v2\/product_tag?post=9782"}],"curies":[{"name":"wp","href":"https:\/\/api.w.org\/{rel}","templated":true}]}}