{"id":9783,"date":"2024-08-04T20:55:48","date_gmt":"2024-08-04T18:55:48","guid":{"rendered":"https:\/\/monbip.fr\/?post_type=product&#038;p=9783"},"modified":"2025-04-09T18:57:39","modified_gmt":"2025-04-09T16:57:39","slug":"beninca-bull624se-s","status":"publish","type":"product","link":"https:\/\/monbip.fr\/de\/produkt\/motorisierungen\/motorisierung-von-garagentoren-de\/beninca-bull624se-s\/","title":{"rendered":"Beninca BULL624SE.S"},"content":{"rendered":"<table class=\"table\">\n<tbody>\n<tr>\n<td>Alimentation de r\u00e9seau<\/td>\n<td>115 \/ 230 Vac (50-60Hz)<\/td>\n<\/tr>\n<tr>\n<td>Alimentation moteur<\/td>\n<td>24 Vdc<\/td>\n<\/tr>\n<tr>\n<td>Courant max. absorb\u00e9<\/td>\n<td>3,3 \/ 1,8 A<\/td>\n<\/tr>\n<tr>\n<td>Pouss\u00e9e maximale<\/td>\n<td>650 N<\/td>\n<\/tr>\n<tr>\n<td>Vitesse d\u2019ouverture<\/td>\n<td>5,5 \u00f7 14 m\/min<\/td>\n<\/tr>\n<tr>\n<td>Cycle de travail<\/td>\n<td>usage intensif<\/td>\n<\/tr>\n<tr>\n<td>Degr\u00e9 de protection<\/td>\n<td>IP44<\/td>\n<\/tr>\n<tr>\n<td>Centrale incorpor\u00e9e<\/td>\n<td>Oui<\/td>\n<\/tr>\n<tr>\n<td>R\u00e9cepteur int\u00e9gr\u00e9<\/td>\n<td>Oui<\/td>\n<\/tr>\n<\/tbody>\n<\/table>\n","protected":false},"excerpt":{"rendered":"<div class=\"col-md-4\">\n<div class=\"hs-line-4 font-alt black\">\n<div class=\"col-md-4\">\n<h5 class=\"hs-line-4 font-alt black\">Beninca BULL624SE.S motor-r\u00e9ducteur haute vitesse BULL624SE.S 24 V DC avec fins de course magn\u00e9tiques, unit\u00e9 de commande int\u00e9gr\u00e9e et encodeur virtuel.<\/h5>\n<\/div>\n<div class=\"col-md-8 mt-30\">\n<div id=\"PositionBreadcrumb\" class=\"square-position-namespace\"><\/div>\n<\/div>\n<\/div>\n<\/div>\n<div class=\"col-md-8 mt-30\">\n<div id=\"PositionBreadcrumb\" class=\"square-position-namespace\"><\/div>\n<\/div>\n","protected":false},"featured_media":9780,"template":"","meta":[],"product_brand":[],"product_cat":[203],"product_tag":[],"class_list":{"0":"post-9783","1":"product","2":"type-product","3":"status-publish","4":"has-post-thumbnail","6":"product_cat-motorisation-porte-de-garage","8":"first","9":"instock","10":"sale","11":"taxable","12":"shipping-taxable","13":"purchasable","14":"product-type-simple"},"_links":{"self":[{"href":"https:\/\/monbip.fr\/de\/wp-json\/wp\/v2\/product\/9783","targetHints":{"allow":["GET"]}}],"collection":[{"href":"https:\/\/monbip.fr\/de\/wp-json\/wp\/v2\/product"}],"about":[{"href":"https:\/\/monbip.fr\/de\/wp-json\/wp\/v2\/types\/product"}],"wp:featuredmedia":[{"embeddable":true,"href":"https:\/\/monbip.fr\/de\/wp-json\/wp\/v2\/media\/9780"}],"wp:attachment":[{"href":"https:\/\/monbip.fr\/de\/wp-json\/wp\/v2\/media?parent=9783"}],"wp:term":[{"taxonomy":"product_brand","embeddable":true,"href":"https:\/\/monbip.fr\/de\/wp-json\/wp\/v2\/product_brand?post=9783"},{"taxonomy":"product_cat","embeddable":true,"href":"https:\/\/monbip.fr\/de\/wp-json\/wp\/v2\/product_cat?post=9783"},{"taxonomy":"product_tag","embeddable":true,"href":"https:\/\/monbip.fr\/de\/wp-json\/wp\/v2\/product_tag?post=9783"}],"curies":[{"name":"wp","href":"https:\/\/api.w.org\/{rel}","templated":true}]}}