{"id":9796,"date":"2024-08-04T23:06:06","date_gmt":"2024-08-04T21:06:06","guid":{"rendered":"https:\/\/monbip.fr\/?post_type=product&#038;p=9796"},"modified":"2024-08-04T23:06:06","modified_gmt":"2024-08-04T21:06:06","slug":"beninca-to-go4a","status":"publish","type":"product","link":"https:\/\/monbip.fr\/de\/produkt\/garagen-und-torfernbedienungen\/beninca-to-go4a\/","title":{"rendered":"Beninca TO.GO4A"},"content":{"rendered":"<p>\u00c9metteur 4 canaux, 433,92 MHz, avec codage Advanced Rolling Code | Le codage ARC garantit une s\u00e9curit\u00e9 maximale gr\u00e2ce \u00e0 la longueur du code transmis (128\u00a0bits) et au grand nombre de combinaisons possibles | Permet de configurer jusqu\u2019\u00e0 9\u00a0canaux, gr\u00e2ce \u00e0 la possibilit\u00e9 d\u2019activer la commande en appuyant simultan\u00e9ment sur les deux touches au choix. Cette fonction emp\u00eache toute ouverture involontaire due \u00e0 une pression accidentelle et est particuli\u00e8rement adapt\u00e9e \u00e0 une utilisation avec des syst\u00e8mes d&#8217;alarme | Avec batterie 12 V longue autonomie | Jusqu\u2019\u00e0 230\u00a0m de port\u00e9e sans obstacles | Accessoire auto (TO.CLIP) ou mural (SMART) disponible | Int\u00e9gration facilit\u00e9e dans les installations par la lecture d&#8217;un QR code via l&#8217;application BeUP<\/p>\n<div class=\"row\">\n<div class=\"col-md-12 mt-5 mb-5\">\n<div>\n<p>code via l&#8217;application BeUP<\/p>\n<\/div>\n<\/div>\n<\/div>\n<ul id=\"product-page-tabs-links\" class=\"nav nav-tabs tpl-tabs animate\">\n<li class=\"nav-item\"><a class=\"nav-link active\" href=\"https:\/\/www.beninca.com\/fr\/product\/emetteurs\/to-go4a.html#one\" data-toggle=\"tab\" target=\"_blank\" rel=\"noopener\">DONN\u00c9S TECHNIQUES<\/a><\/li>\n<\/ul>\n<div id=\"product-single-view-tabs\" class=\"tab-content tpl-tabs-cont\">\n<div id=\"one\" class=\"tab-pane fade active show\">\n<table class=\"table\">\n<tbody>\n<tr>\n<td>Canaux<\/td>\n<td>4<\/td>\n<\/tr>\n<tr>\n<td>Fr\u00e9quence<\/td>\n<td>433.92 MHz<\/td>\n<\/tr>\n<tr>\n<td>Advanced Rolling Code (ARC)<\/td>\n<td>Oui<\/td>\n<\/tr>\n<\/tbody>\n<\/table>\n<\/div>\n<\/div>\n","protected":false},"excerpt":{"rendered":"<p>\u00c9METTEUR 4 CANAUX, 433,92 MHZ, AVEC CODAGE ADVANCED ROLLING CODE<\/p>\n","protected":false},"featured_media":9797,"template":"","meta":[],"product_brand":[],"product_cat":[199],"product_tag":[],"class_list":{"0":"post-9796","1":"product","2":"type-product","3":"status-publish","4":"has-post-thumbnail","6":"product_cat-telecommandes-garage-et-portail","8":"first","9":"instock","10":"sale","11":"taxable","12":"shipping-taxable","13":"purchasable","14":"product-type-simple"},"_links":{"self":[{"href":"https:\/\/monbip.fr\/de\/wp-json\/wp\/v2\/product\/9796","targetHints":{"allow":["GET"]}}],"collection":[{"href":"https:\/\/monbip.fr\/de\/wp-json\/wp\/v2\/product"}],"about":[{"href":"https:\/\/monbip.fr\/de\/wp-json\/wp\/v2\/types\/product"}],"wp:featuredmedia":[{"embeddable":true,"href":"https:\/\/monbip.fr\/de\/wp-json\/wp\/v2\/media\/9797"}],"wp:attachment":[{"href":"https:\/\/monbip.fr\/de\/wp-json\/wp\/v2\/media?parent=9796"}],"wp:term":[{"taxonomy":"product_brand","embeddable":true,"href":"https:\/\/monbip.fr\/de\/wp-json\/wp\/v2\/product_brand?post=9796"},{"taxonomy":"product_cat","embeddable":true,"href":"https:\/\/monbip.fr\/de\/wp-json\/wp\/v2\/product_cat?post=9796"},{"taxonomy":"product_tag","embeddable":true,"href":"https:\/\/monbip.fr\/de\/wp-json\/wp\/v2\/product_tag?post=9796"}],"curies":[{"name":"wp","href":"https:\/\/api.w.org\/{rel}","templated":true}]}}