{"id":9808,"date":"2024-08-04T23:26:28","date_gmt":"2024-08-04T21:26:28","guid":{"rendered":"https:\/\/monbip.fr\/?post_type=product&#038;p=9808"},"modified":"2024-08-04T23:26:28","modified_gmt":"2024-08-04T21:26:28","slug":"beninca-to-go4va","status":"publish","type":"product","link":"https:\/\/monbip.fr\/de\/produkt\/garagen-und-torfernbedienungen\/beninca-to-go4va\/","title":{"rendered":"Beninca TO.GO4VA"},"content":{"rendered":"<p>\u00c9metteur 4 canaux, 433,92 MHz, avec codage Advanced Rolling Code et Rolling Code | Le codage ARC garantit une s\u00e9curit\u00e9 maximale gr\u00e2ce \u00e0 la longueur du code transmis (128\u00a0bits) et au grand nombre de combinaisons possibles | L\u2019\u00e9metteur est programm\u00e9 d\u2019usine sur codage ARC, mais il est possible de modifier le codage en utilisant la version Rolling Code ou un codage mixte (ARC et Rolling Code) | En cas d\u2019utilisation en codage mixte, le code ARC peut \u00eatre configur\u00e9 sur les touches T1\/T3 et le Rolling Code sur les touches T2\/T4 | Permet de configurer jusqu\u2019\u00e0 9\u00a0canaux, gr\u00e2ce \u00e0 la possibilit\u00e9 d\u2019activer la commande en appuyant simultan\u00e9ment sur les deux touches au choix. Cette fonction emp\u00eache toute ouverture involontaire due \u00e0 une pression accidentelle et est particuli\u00e8rement adapt\u00e9e \u00e0 une utilisation avec des syst\u00e8mes d&#8217;alarme | Avec batterie 12 V longue autonomie<\/p>\n","protected":false},"excerpt":{"rendered":"<p>\u00c9METTEUR 4 CANAUX, 433,92 MHZ, AVEC CODAGE ADVANCED ROLLING CODE ET ROLLING CODE<\/p>\n","protected":false},"featured_media":9809,"template":"","meta":[],"product_brand":[],"product_cat":[199],"product_tag":[],"class_list":{"0":"post-9808","1":"product","2":"type-product","3":"status-publish","4":"has-post-thumbnail","6":"product_cat-telecommandes-garage-et-portail","8":"first","9":"instock","10":"sale","11":"taxable","12":"shipping-taxable","13":"purchasable","14":"product-type-simple"},"_links":{"self":[{"href":"https:\/\/monbip.fr\/de\/wp-json\/wp\/v2\/product\/9808","targetHints":{"allow":["GET"]}}],"collection":[{"href":"https:\/\/monbip.fr\/de\/wp-json\/wp\/v2\/product"}],"about":[{"href":"https:\/\/monbip.fr\/de\/wp-json\/wp\/v2\/types\/product"}],"wp:featuredmedia":[{"embeddable":true,"href":"https:\/\/monbip.fr\/de\/wp-json\/wp\/v2\/media\/9809"}],"wp:attachment":[{"href":"https:\/\/monbip.fr\/de\/wp-json\/wp\/v2\/media?parent=9808"}],"wp:term":[{"taxonomy":"product_brand","embeddable":true,"href":"https:\/\/monbip.fr\/de\/wp-json\/wp\/v2\/product_brand?post=9808"},{"taxonomy":"product_cat","embeddable":true,"href":"https:\/\/monbip.fr\/de\/wp-json\/wp\/v2\/product_cat?post=9808"},{"taxonomy":"product_tag","embeddable":true,"href":"https:\/\/monbip.fr\/de\/wp-json\/wp\/v2\/product_tag?post=9808"}],"curies":[{"name":"wp","href":"https:\/\/api.w.org\/{rel}","templated":true}]}}