{"id":9840,"date":"2024-08-25T22:22:03","date_gmt":"2024-08-25T20:22:03","guid":{"rendered":"https:\/\/monbip.fr\/?post_type=product&#038;p=9840"},"modified":"2024-08-25T22:50:53","modified_gmt":"2024-08-25T20:50:53","slug":"came-bkv15ags-801ms-0300","status":"publish","type":"product","link":"https:\/\/monbip.fr\/de\/produkt\/motorisierungen\/motorisierung-von-garagentoren-de\/came-bkv15ags-801ms-0300\/","title":{"rendered":"CAME BKV15AGS 801MS-0300"},"content":{"rendered":"<p>Mod\u00e8le : 801MS-0300<\/p>\n<p>Degr\u00e9 de protection (IP) 54<\/p>\n<p>Puissance (V &#8211; 50\/60 Hz) 230 CA<\/p>\n<p>Alimentation moteur (V) 36 DC<\/p>\n<p>Consommation (A) 8 MAX.<\/p>\n<p>Puissance (W) 200<\/p>\n<p>Vitesse de man\u0153uvre (m\/min) 12<\/p>\n<p>Cycles\/Heure SERVICE CONTINU<\/p>\n<p>Pouss\u00e9e (N) 800<\/p>\n<p>Temp\u00e9rature de fonctionnement (\u00b0C) -20 \u00f7 +55<\/p>\n","protected":false},"excerpt":{"rendered":"<p>Moteur CAME BKV15AGS &#8211; Automatisme avec moteur 36 V, comprend une carte \u00e9lectronique avec affichage graphique, Adaptive Speed \u200b\u200b\u200b\u200b&amp; Torque Technology, 4 entr\u00e9es de s\u00e9curit\u00e9, gestion des mouvements et d\u00e9tection d&#8217;obstacles pour portails coulissants jusqu&#8217;\u00e0 1500 kg et 20 m de longueur.<\/p>\n","protected":false},"featured_media":9841,"template":"","meta":[],"product_brand":[],"product_cat":[203],"product_tag":[],"class_list":{"0":"post-9840","1":"product","2":"type-product","3":"status-publish","4":"has-post-thumbnail","6":"product_cat-motorisation-porte-de-garage","8":"first","9":"instock","10":"sale","11":"taxable","12":"shipping-taxable","13":"purchasable","14":"product-type-simple"},"_links":{"self":[{"href":"https:\/\/monbip.fr\/de\/wp-json\/wp\/v2\/product\/9840","targetHints":{"allow":["GET"]}}],"collection":[{"href":"https:\/\/monbip.fr\/de\/wp-json\/wp\/v2\/product"}],"about":[{"href":"https:\/\/monbip.fr\/de\/wp-json\/wp\/v2\/types\/product"}],"wp:featuredmedia":[{"embeddable":true,"href":"https:\/\/monbip.fr\/de\/wp-json\/wp\/v2\/media\/9841"}],"wp:attachment":[{"href":"https:\/\/monbip.fr\/de\/wp-json\/wp\/v2\/media?parent=9840"}],"wp:term":[{"taxonomy":"product_brand","embeddable":true,"href":"https:\/\/monbip.fr\/de\/wp-json\/wp\/v2\/product_brand?post=9840"},{"taxonomy":"product_cat","embeddable":true,"href":"https:\/\/monbip.fr\/de\/wp-json\/wp\/v2\/product_cat?post=9840"},{"taxonomy":"product_tag","embeddable":true,"href":"https:\/\/monbip.fr\/de\/wp-json\/wp\/v2\/product_tag?post=9840"}],"curies":[{"name":"wp","href":"https:\/\/api.w.org\/{rel}","templated":true}]}}